{"id":683,"date":"2011-12-05T19:55:20","date_gmt":"2011-12-05T17:55:20","guid":{"rendered":"http:\/\/www.lopselisdarzelis.rudamina.vilniausr.lm.lt\/?page_id=683"},"modified":"2024-09-30T20:00:03","modified_gmt":"2024-09-30T18:00:03","slug":"informacija-2","status":"publish","type":"page","link":"https:\/\/www.lopselisdarzelis.rudamina.vilniausr.lm.lt\/?page_id=683","title":{"rendered":"Informacija"},"content":{"rendered":"\n<div class=\"wp-block-file\"><a id=\"wp-block-file--media-5043cbc9-09ef-44aa-9521-1ce05bf9c52c\" href=\"https:\/\/www.lopselisdarzelis.rudamina.vilniausr.lm.lt\/wp-content\/uploads\/2023\/04\/2023_informacija_ikimokyklinis_priesmokyklinis-koregavimas-1.docx\"><strong>Vaik\u0173 pri\u0117mimas \u012f Vilniaus rajono \u0161vietimo \u012fstaig\u0173 ikimokyklinio ugdymo grupes<\/strong><\/a><\/div>\n\n\n\n<div class=\"wp-block-file\"><a id=\"wp-block-file--media-c6269d38-1cb8-41dd-bc8d-f19fcf4c9baa\" href=\"https:\/\/www.lopselisdarzelis.rudamina.vilniausr.lm.lt\/wp-content\/uploads\/2023\/01\/PRIEMIMO-TVARKA.docx\"><strong>Centralizuoto vaik\u0173 pri\u0117mimo \u012f \u0161vietimo, mokslo ir sporto ministerijos ir Vilniaus rajono savivaldyb\u0117s \u0161vietimo \u012fstaig\u0173 ikimokyklinio ir prie\u0161mokyklinio ugdymo grup\u0117s organizavimo tvarkos apra\u0161as<\/strong><\/a><\/div>\n\n\n\n<div class=\"wp-block-file\"><a id=\"wp-block-file--media-910cff20-6e5f-4051-a497-ea84ca07b5c4\" href=\"https:\/\/www.lopselisdarzelis.rudamina.vilniausr.lm.lt\/wp-content\/uploads\/2020\/11\/PRIEMIMO-TVARKA-2020-1.docx\">Mokestis u\u017e vaiko maitinim\u0105 ir ugdymo reikmi\u0173 tenkinim\u0105 apskai\u010diuojamas remiantis Mokes\u010dio u\u017e vaiko maitinim\u0105 ir ugdymo reikmi\u0173 tenkinim\u0105 Vilniaus rajono savivaldyb\u0117s \u0161vietimo \u012fstaigose, \u012fgyvendinan\u010diose ikimokyklinio ir prie\u0161mokyklinio ugdymo programas, nustatymo tvarkos apra\u0161u\u00a0\u00a0<a rel=\"noreferrer noopener\" href=\"https:\/\/www.e-tar.lt\/portal\/lt\/legalAct\/616e7d404f0011efbdaea558de59136c\" target=\"_blank\">T3-208 D\u0117l Mokes\u010dio u\u017e vaik\u0173 maitinim\u0105 ir ugdymo reikmi\u0173 tenkinim\u0105 Vilniaus rajono savivaldyb\u0117s \u0161vietimo&#8230; (e-tar.lt)<\/a><\/a><\/div>\n\n\n\n<div class=\"wp-block-file\"><\/div>\n\n\n\n<div class=\"wp-block-file\"><a id=\"wp-block-file--media-6d19709b-c524-4d0e-a979-8c8ee34665f5\">Ikimokyklinio ugdymo grup\u0117se vadovaujam\u0117s Lietuvos higienos norma HN 75:2016 \u201eIkimokyklinio ir prie\u0161mokyklinio ugdymo program\u0173 vykdymo bendrieji sveikatos saugos reikalavimai\u201c\u00a0<a rel=\"noreferrer noopener\" href=\"https:\/\/www.e-tar.lt\/portal\/lt\/legalAct\/TAR.AF02472A1EBF\" target=\"_blank\">https:\/\/www.e-tar.lt\/portal\/lt\/legalAct\/TAR.AF02472A1EBF<\/a><\/a><\/div>\n\n\n\n<p> Informacija atnaujinta 2024-10-01<\/p>\n","protected":false},"excerpt":{"rendered":"<p>Informacija atnaujinta 2024-10-01<\/p>\n","protected":false},"author":1,"featured_media":0,"parent":0,"menu_order":5,"comment_status":"closed","ping_status":"closed","template":"","meta":{"ngg_post_thumbnail":0,"footnotes":""},"class_list":["post-683","page","type-page","status-publish","hentry"],"_links":{"self":[{"href":"https:\/\/www.lopselisdarzelis.rudamina.vilniausr.lm.lt\/index.php?rest_route=\/wp\/v2\/pages\/683","targetHints":{"allow":["GET"]}}],"collection":[{"href":"https:\/\/www.lopselisdarzelis.rudamina.vilniausr.lm.lt\/index.php?rest_route=\/wp\/v2\/pages"}],"about":[{"href":"https:\/\/www.lopselisdarzelis.rudamina.vilniausr.lm.lt\/index.php?rest_route=\/wp\/v2\/types\/page"}],"author":[{"embeddable":true,"href":"https:\/\/www.lopselisdarzelis.rudamina.vilniausr.lm.lt\/index.php?rest_route=\/wp\/v2\/users\/1"}],"replies":[{"embeddable":true,"href":"https:\/\/www.lopselisdarzelis.rudamina.vilniausr.lm.lt\/index.php?rest_route=%2Fwp%2Fv2%2Fcomments&post=683"}],"version-history":[{"count":142,"href":"https:\/\/www.lopselisdarzelis.rudamina.vilniausr.lm.lt\/index.php?rest_route=\/wp\/v2\/pages\/683\/revisions"}],"predecessor-version":[{"id":7930,"href":"https:\/\/www.lopselisdarzelis.rudamina.vilniausr.lm.lt\/index.php?rest_route=\/wp\/v2\/pages\/683\/revisions\/7930"}],"wp:attachment":[{"href":"https:\/\/www.lopselisdarzelis.rudamina.vilniausr.lm.lt\/index.php?rest_route=%2Fwp%2Fv2%2Fmedia&parent=683"}],"curies":[{"name":"wp","href":"https:\/\/api.w.org\/{rel}","templated":true}]}}