{"id":5533,"date":"2023-05-23T20:47:51","date_gmt":"2023-05-23T18:47:51","guid":{"rendered":"http:\/\/www.lopselisdarzelis.rudamina.vilniausr.lm.lt\/?page_id=5533"},"modified":"2025-10-14T12:38:46","modified_gmt":"2025-10-14T10:38:46","slug":"tarnybiniai-lengvieji-automobiliai","status":"publish","type":"page","link":"https:\/\/www.lopselisdarzelis.rudamina.vilniausr.lm.lt\/?page_id=5533","title":{"rendered":"Tarnybiniai lengvieji automobiliai"},"content":{"rendered":"\n<p>\u012estaiga neturi tarnybini\u0173 lengv\u0173j\u0173 automobili\u0173.<\/p>\n\n\n\n<p><\/p>\n\n\n\n<p><\/p>\n","protected":false},"excerpt":{"rendered":"<p>\u012estaiga neturi tarnybini\u0173 lengv\u0173j\u0173 automobili\u0173.<\/p>\n","protected":false},"author":1,"featured_media":0,"parent":0,"menu_order":0,"comment_status":"closed","ping_status":"closed","template":"","meta":{"ngg_post_thumbnail":0,"footnotes":""},"class_list":["post-5533","page","type-page","status-publish","hentry"],"_links":{"self":[{"href":"https:\/\/www.lopselisdarzelis.rudamina.vilniausr.lm.lt\/index.php?rest_route=\/wp\/v2\/pages\/5533","targetHints":{"allow":["GET"]}}],"collection":[{"href":"https:\/\/www.lopselisdarzelis.rudamina.vilniausr.lm.lt\/index.php?rest_route=\/wp\/v2\/pages"}],"about":[{"href":"https:\/\/www.lopselisdarzelis.rudamina.vilniausr.lm.lt\/index.php?rest_route=\/wp\/v2\/types\/page"}],"author":[{"embeddable":true,"href":"https:\/\/www.lopselisdarzelis.rudamina.vilniausr.lm.lt\/index.php?rest_route=\/wp\/v2\/users\/1"}],"replies":[{"embeddable":true,"href":"https:\/\/www.lopselisdarzelis.rudamina.vilniausr.lm.lt\/index.php?rest_route=%2Fwp%2Fv2%2Fcomments&post=5533"}],"version-history":[{"count":3,"href":"https:\/\/www.lopselisdarzelis.rudamina.vilniausr.lm.lt\/index.php?rest_route=\/wp\/v2\/pages\/5533\/revisions"}],"predecessor-version":[{"id":8036,"href":"https:\/\/www.lopselisdarzelis.rudamina.vilniausr.lm.lt\/index.php?rest_route=\/wp\/v2\/pages\/5533\/revisions\/8036"}],"wp:attachment":[{"href":"https:\/\/www.lopselisdarzelis.rudamina.vilniausr.lm.lt\/index.php?rest_route=%2Fwp%2Fv2%2Fmedia&parent=5533"}],"curies":[{"name":"wp","href":"https:\/\/api.w.org\/{rel}","templated":true}]}}