{"id":5483,"date":"2023-05-23T18:58:06","date_gmt":"2023-05-23T16:58:06","guid":{"rendered":"http:\/\/www.lopselisdarzelis.rudamina.vilniausr.lm.lt\/?page_id=5483"},"modified":"2026-02-03T10:30:25","modified_gmt":"2026-02-03T08:30:25","slug":"biudzeto-vykdymo-ataskaitu-rinkiniai","status":"publish","type":"page","link":"https:\/\/www.lopselisdarzelis.rudamina.vilniausr.lm.lt\/?page_id=5483","title":{"rendered":"Biud\u017eeto vykdymo ataskait\u0173 rinkiniai"},"content":{"rendered":"\n<div class=\"wp-block-file\"><a id=\"wp-block-file--media-f16059bb-069f-4613-97e2-6dc51114d5a5\" href=\"https:\/\/www.lopselisdarzelis.rudamina.vilniausr.lm.lt\/wp-content\/uploads\/2023\/05\/2019-m.-Biudzeto-islaidu-samatu-vykdymo-ataskaitos-1.pdf\">2019 m. Biud\u017eeto i\u0161laid\u0173 vykdymo ataskaita<\/a><\/div>\n\n\n\n<div class=\"wp-block-file\"><a id=\"wp-block-file--media-898d0983-ce47-4f18-9b99-de6a41249a11\" href=\"https:\/\/www.lopselisdarzelis.rudamina.vilniausr.lm.lt\/wp-content\/uploads\/2023\/05\/2020-m.-Biudzeto-islaidu-samatu-vykdymo-ataskaitos.pdf\">2020 m. Biud\u017eeto i\u0161laid\u0173 vykdymo ataskaita<\/a><\/div>\n\n\n\n<div class=\"wp-block-file\"><a id=\"wp-block-file--media-4da65458-c199-43e0-bc4a-fd754f876b94\" href=\"https:\/\/www.lopselisdarzelis.rudamina.vilniausr.lm.lt\/wp-content\/uploads\/2023\/05\/Biudzeto-islaidu-samatos-vykdymo-ataskaita-2021-12-31.pdf\">2021 m. Biud\u017eeto i\u0161laid\u0173 vykdymo ataskaita<\/a><\/div>\n\n\n\n<div class=\"wp-block-file\"><a id=\"wp-block-file--media-9bc890dd-1043-4266-9e59-01cfbff90d09\" href=\"https:\/\/www.lopselisdarzelis.rudamina.vilniausr.lm.lt\/wp-content\/uploads\/2023\/05\/2021-m.-programu-samatos.pdf\">2021 m. program\u0173 samata<\/a><\/div>\n\n\n\n<div class=\"wp-block-file\"><a id=\"wp-block-file--media-b48f9753-1474-4ec6-a05a-45e328b3935d\" href=\"https:\/\/www.lopselisdarzelis.rudamina.vilniausr.lm.lt\/wp-content\/uploads\/2026\/02\/2025-m.-biudzeto-islaidu-samatu-ivykdymo-ataskaitos.pdf\">2025 m. Biud\u017eeto i\u0161laid\u0173 \u012fvykdymo ataskaita<\/a><\/div>\n\n\n\n<p><\/p>\n","protected":false},"excerpt":{"rendered":"","protected":false},"author":1,"featured_media":0,"parent":0,"menu_order":0,"comment_status":"closed","ping_status":"closed","template":"","meta":{"ngg_post_thumbnail":0,"footnotes":""},"class_list":["post-5483","page","type-page","status-publish","hentry"],"_links":{"self":[{"href":"https:\/\/www.lopselisdarzelis.rudamina.vilniausr.lm.lt\/index.php?rest_route=\/wp\/v2\/pages\/5483","targetHints":{"allow":["GET"]}}],"collection":[{"href":"https:\/\/www.lopselisdarzelis.rudamina.vilniausr.lm.lt\/index.php?rest_route=\/wp\/v2\/pages"}],"about":[{"href":"https:\/\/www.lopselisdarzelis.rudamina.vilniausr.lm.lt\/index.php?rest_route=\/wp\/v2\/types\/page"}],"author":[{"embeddable":true,"href":"https:\/\/www.lopselisdarzelis.rudamina.vilniausr.lm.lt\/index.php?rest_route=\/wp\/v2\/users\/1"}],"replies":[{"embeddable":true,"href":"https:\/\/www.lopselisdarzelis.rudamina.vilniausr.lm.lt\/index.php?rest_route=%2Fwp%2Fv2%2Fcomments&post=5483"}],"version-history":[{"count":6,"href":"https:\/\/www.lopselisdarzelis.rudamina.vilniausr.lm.lt\/index.php?rest_route=\/wp\/v2\/pages\/5483\/revisions"}],"predecessor-version":[{"id":8170,"href":"https:\/\/www.lopselisdarzelis.rudamina.vilniausr.lm.lt\/index.php?rest_route=\/wp\/v2\/pages\/5483\/revisions\/8170"}],"wp:attachment":[{"href":"https:\/\/www.lopselisdarzelis.rudamina.vilniausr.lm.lt\/index.php?rest_route=%2Fwp%2Fv2%2Fmedia&parent=5483"}],"curies":[{"name":"wp","href":"https:\/\/api.w.org\/{rel}","templated":true}]}}