{"id":5398,"date":"2022-10-13T22:47:58","date_gmt":"2022-10-13T20:47:58","guid":{"rendered":"http:\/\/www.lopselisdarzelis.rudamina.vilniausr.lm.lt\/?page_id=5398"},"modified":"2025-10-14T12:21:45","modified_gmt":"2025-10-14T10:21:45","slug":"specialiuju-ugdymosi-poreikiu-mokiniu-ugdymas","status":"publish","type":"page","link":"https:\/\/www.lopselisdarzelis.rudamina.vilniausr.lm.lt\/?page_id=5398","title":{"rendered":"Speciali\u0173j\u0173 ugdymosi poreiki\u0173 mokini\u0173 ugdymas"},"content":{"rendered":"\n<p>Mokini\u0173, turin\u010di\u0173 speciali\u0173j\u0173 ugdymosi poreiki\u0173,ugdymo paskirtis \u2013 pad\u0117ti mokiniui lavintis, mokytis pagal geb\u0117jimus, \u012fgyti i\u0161silavinim\u0105 irkvalifikacij\u0105,pripa\u017e\u012fstant ir pl\u0117tojant j\u0173 geb\u0117jimus ir galias.<\/p>\n\n\n\n<p>Teis\u0117s aktai, reglamentuojantys Speciali\u0173j\u0173 ugdymosi poreiki\u0173 mokini\u0173 ugdym\u0105 bei pagalbos jiems teikim\u0105:<\/p>\n\n\n\n<p><a href=\"https:\/\/www.e-tar.lt\/portal\/lt\/legalAct\/TAR.BB1874432466\/asr\">Mokinio speciali\u0173j\u0173 ugdymosi poreiki\u0173 (i\u0161skyrus atsirandan\u010dius d\u0117l i\u0161skirtini\u0173 gabum\u0173) pedagoginiu, psichologiniu, medicininiu ir socialiniu pedagoginiu aspektais \u012fvertinimo ir specialiojo ugdymosi skyrimo tvarkos apra\u0161as <\/a><\/p>\n\n\n\n<p><a href=\"https:\/\/www.e-tar.lt\/portal\/lt\/legalAct\/TAR.F0E90ABE387D\">Mokini\u0173, turin\u010di\u0173 speciali\u0173j\u0173 ugdymosi poreiki\u0173, ugdymo organizavimo tvarkos apra\u0161as<\/a><\/p>\n\n\n\n<p><a href=\"https:\/\/www.e-tar.lt\/portal\/lt\/legalAct\/TAR.2926557049F3\/asr\">Specialiosios pedagogin\u0117s pagalbos asmeniui iki 21met\u0173 teikimo ir kvalifikacini\u0173 reikalavim\u0173 nustatymo \u0161ios pagalbos teik\u0117jams tvarkos apra\u0161as&nbsp;<\/a><\/p>\n\n\n\n<p><a href=\"https:\/\/www.e-tar.lt\/portal\/lt\/legalAct\/TAR.EE3AFE320A27\/asr\">Specialiosios pagalbos teikimo mokyklose (i\u0161skyrus auk\u0161t\u0105sias mokyklas) tvarkos apra\u0161as<\/a><\/p>\n\n\n\n<p><a href=\"https:\/\/www.e-tar.lt\/portal\/lt\/legalAct\/TAR.37B80BC37360\">Mokini\u0173, turin\u010di\u0173 speciali\u0173j\u0173 ugdymosi poreiki\u0173, grupi\u0173 nustatymo ir j\u0173 speciali\u0173j\u0173 ugdymosi poreiki\u0173 skirstymo \u012f lygius tvarkos apra\u0161as &nbsp;<\/a><\/p>\n\n\n\n<p><a href=\"https:\/\/www.e-tar.lt\/portal\/lt\/legalAct\/f66068a08e0a11e7a3c4a5eb10f04386\/asr\">Psichologin\u0117s pagalbos teikimo tvarkos apra\u0161as<\/a><\/p>\n\n\n\n<p><a href=\"https:\/\/www.e-tar.lt\/portal\/lt\/legalAct\/624ea570a19111e69ad4c8713b612d0f\">Socialin\u0117s pedagogin\u0117s pagalbos teikimo vaikui ir mokiniui tvarkos apra\u0161as<\/a><\/p>\n\n\n\n<p>Speciali\u0173j\u0173 ugdymosi poreiki\u0173 (i\u0161skyrus atsirandan\u010di\u0173 d\u0117l i\u0161skirtini\u0173 gabum\u0173) \u012fvertinim\u0105, specialiojo ugdymo ir (ar) specialiosios pedagogin\u0117s, psichologin\u0117s, socialin\u0117s pedagogin\u0117s pagalbos skyrim\u0105 mokiniams (vaikams) nuo gimimo iki 21 met\u0173 atlieka Vilniaus rajono pedagogin\u0117 psichologin\u0117 tarnyba<a href=\"https:\/\/ppt.vrsa.lt\">https:\/\/ppt.vrsa.lt<\/a><\/p>\n","protected":false},"excerpt":{"rendered":"<p>Mokini\u0173, turin\u010di\u0173 speciali\u0173j\u0173 ugdymosi poreiki\u0173,ugdymo paskirtis \u2013 pad\u0117ti mokiniui lavintis, mokytis pagal geb\u0117jimus, \u012fgyti i\u0161silavinim\u0105 irkvalifikacij\u0105,pripa\u017e\u012fstant ir pl\u0117tojant j\u0173 geb\u0117jimus ir galias. Teis\u0117s aktai, reglamentuojantys Speciali\u0173j\u0173 ugdymosi poreiki\u0173 mokini\u0173 ugdym\u0105 bei pagalbos jiems teikim\u0105: Mokinio speciali\u0173j\u0173 ugdymosi poreiki\u0173 (i\u0161skyrus atsirandan\u010dius &hellip; <a href=\"https:\/\/www.lopselisdarzelis.rudamina.vilniausr.lm.lt\/?page_id=5398\">Skaitykite toliau <span class=\"meta-nav\">&rarr;<\/span><\/a><\/p>\n","protected":false},"author":1,"featured_media":0,"parent":0,"menu_order":0,"comment_status":"closed","ping_status":"closed","template":"","meta":{"ngg_post_thumbnail":0,"footnotes":""},"class_list":["post-5398","page","type-page","status-publish","hentry"],"_links":{"self":[{"href":"https:\/\/www.lopselisdarzelis.rudamina.vilniausr.lm.lt\/index.php?rest_route=\/wp\/v2\/pages\/5398","targetHints":{"allow":["GET"]}}],"collection":[{"href":"https:\/\/www.lopselisdarzelis.rudamina.vilniausr.lm.lt\/index.php?rest_route=\/wp\/v2\/pages"}],"about":[{"href":"https:\/\/www.lopselisdarzelis.rudamina.vilniausr.lm.lt\/index.php?rest_route=\/wp\/v2\/types\/page"}],"author":[{"embeddable":true,"href":"https:\/\/www.lopselisdarzelis.rudamina.vilniausr.lm.lt\/index.php?rest_route=\/wp\/v2\/users\/1"}],"replies":[{"embeddable":true,"href":"https:\/\/www.lopselisdarzelis.rudamina.vilniausr.lm.lt\/index.php?rest_route=%2Fwp%2Fv2%2Fcomments&post=5398"}],"version-history":[{"count":5,"href":"https:\/\/www.lopselisdarzelis.rudamina.vilniausr.lm.lt\/index.php?rest_route=\/wp\/v2\/pages\/5398\/revisions"}],"predecessor-version":[{"id":8029,"href":"https:\/\/www.lopselisdarzelis.rudamina.vilniausr.lm.lt\/index.php?rest_route=\/wp\/v2\/pages\/5398\/revisions\/8029"}],"wp:attachment":[{"href":"https:\/\/www.lopselisdarzelis.rudamina.vilniausr.lm.lt\/index.php?rest_route=%2Fwp%2Fv2%2Fmedia&parent=5398"}],"curies":[{"name":"wp","href":"https:\/\/api.w.org\/{rel}","templated":true}]}}