{"id":5349,"date":"2022-10-13T21:40:14","date_gmt":"2022-10-13T19:40:14","guid":{"rendered":"http:\/\/www.lopselisdarzelis.rudamina.vilniausr.lm.lt\/?page_id=5349"},"modified":"2025-10-14T11:49:18","modified_gmt":"2025-10-14T09:49:18","slug":"savivaldybes-teises-aktai-reglamentuojantys-svietima","status":"publish","type":"page","link":"https:\/\/www.lopselisdarzelis.rudamina.vilniausr.lm.lt\/?page_id=5349","title":{"rendered":"Savivaldyb\u0117s teis\u0117s aktai, reglamentuojantys \u0161vietim\u0105"},"content":{"rendered":"\n<p><a href=\"https:\/\/www.e-tar.lt\/portal\/lt\/legalAct\/TAR.AF02472A1EBF\/asr\">Lietuvos higienos norma HN 75:2016 \u201eIkimokyklinio ir prie\u0161mokyklinio ugdymo program\u0173 vykdymo bendrieji sveikatos saugos reikalavimai\u201c<\/a><\/p>\n\n\n\n<p><a href=\"https:\/\/www.e-tar.lt\/portal\/lt\/legalAct\/be50cce07cc511eb9601893677bfd7d8\">Centralizuoto vaik\u0173 pri\u0117mimo \u012f \u0160vietimo, mokslo ir sporto ministerijos ir Vilniaus rajono savivaldyb\u0117s \u0161vietimo \u012fstaig\u0173 ikimokyklinio ir prie\u0161mokyklinio ugdymo grupes organizavimo tvarkos apra\u0161as<\/a><\/p>\n\n\n\n<p><a href=\"https:\/\/www.e-tar.lt\/portal\/lt\/legalAct\/64b306c0ba0111eb8c24980b2b0e0fef\">Vilniaus rajono savivaldyb\u0117s ikimokyklinio ir bendrojo ugdymo mokykl\u0173 prie\u0161mokyklinio ugdymo organizavimo modeli\u0173 apra\u0161as<\/a><\/p>\n\n\n\n<p><a href=\"https:\/\/www.e-tar.lt\/portal\/lt\/legalAct\/7bf8d610608d11e79198ffdb108a3753\/asr\">Mokes\u010dio u\u017e vaiko maitinim\u0105 ir ugdymo reikmi\u0173 tenkinim\u0105 Vilniaus rajono savivaldyb\u0117s \u0161vietimo \u012fstaigose, \u012fgyvendinan\u010diose ikimokyklinio ir prie\u0161mokyklinio ugdymo programas, nustatymo tvarkos apra\u0161as<\/a><\/p>\n\n\n\n<p><a href=\"https:\/\/www.e-tar.lt\/portal\/lt\/legalAct\/a3ed7ce04d6411ea8aceeadd0c5b168c\">Pri\u0117mimo \u012f Vilniaus rajono savivaldyb\u0117s bendrojo ugdymo mokyklas tvarkos apra\u0161as<\/a><\/p>\n\n\n\n<p><a href=\"https:\/\/www.e-tar.lt\/portal\/lt\/legalAct\/933f8530e9ca11e99681cd81dcdca52c\">Vilniaus rajono savivaldyb\u0117s teritorijoje gyvenan\u010di\u0173 vaik\u0173 apskaitos tvarkos apra\u0161as<\/a><\/p>\n\n\n\n<p>Daugiau savivaldyb\u0117s teis\u0117s akt\u0173 galima rasti Vilniaus rajono savivaldyb\u0117s dokument\u0173paie\u0161koje<a href=\"https:\/\/web.vrsa.lt\/vaktai\/\">https:\/\/web.vrsa.lt\/vaktai<\/a><\/p>\n","protected":false},"excerpt":{"rendered":"<p>Lietuvos higienos norma HN 75:2016 \u201eIkimokyklinio ir prie\u0161mokyklinio ugdymo program\u0173 vykdymo bendrieji sveikatos saugos reikalavimai\u201c Centralizuoto vaik\u0173 pri\u0117mimo \u012f \u0160vietimo, mokslo ir sporto ministerijos ir Vilniaus rajono savivaldyb\u0117s \u0161vietimo \u012fstaig\u0173 ikimokyklinio ir prie\u0161mokyklinio ugdymo grupes organizavimo tvarkos apra\u0161as Vilniaus rajono &hellip; <a href=\"https:\/\/www.lopselisdarzelis.rudamina.vilniausr.lm.lt\/?page_id=5349\">Skaitykite toliau <span class=\"meta-nav\">&rarr;<\/span><\/a><\/p>\n","protected":false},"author":1,"featured_media":0,"parent":0,"menu_order":0,"comment_status":"closed","ping_status":"closed","template":"","meta":{"ngg_post_thumbnail":0,"footnotes":""},"class_list":["post-5349","page","type-page","status-publish","hentry"],"_links":{"self":[{"href":"https:\/\/www.lopselisdarzelis.rudamina.vilniausr.lm.lt\/index.php?rest_route=\/wp\/v2\/pages\/5349","targetHints":{"allow":["GET"]}}],"collection":[{"href":"https:\/\/www.lopselisdarzelis.rudamina.vilniausr.lm.lt\/index.php?rest_route=\/wp\/v2\/pages"}],"about":[{"href":"https:\/\/www.lopselisdarzelis.rudamina.vilniausr.lm.lt\/index.php?rest_route=\/wp\/v2\/types\/page"}],"author":[{"embeddable":true,"href":"https:\/\/www.lopselisdarzelis.rudamina.vilniausr.lm.lt\/index.php?rest_route=\/wp\/v2\/users\/1"}],"replies":[{"embeddable":true,"href":"https:\/\/www.lopselisdarzelis.rudamina.vilniausr.lm.lt\/index.php?rest_route=%2Fwp%2Fv2%2Fcomments&post=5349"}],"version-history":[{"count":4,"href":"https:\/\/www.lopselisdarzelis.rudamina.vilniausr.lm.lt\/index.php?rest_route=\/wp\/v2\/pages\/5349\/revisions"}],"predecessor-version":[{"id":8020,"href":"https:\/\/www.lopselisdarzelis.rudamina.vilniausr.lm.lt\/index.php?rest_route=\/wp\/v2\/pages\/5349\/revisions\/8020"}],"wp:attachment":[{"href":"https:\/\/www.lopselisdarzelis.rudamina.vilniausr.lm.lt\/index.php?rest_route=%2Fwp%2Fv2%2Fmedia&parent=5349"}],"curies":[{"name":"wp","href":"https:\/\/api.w.org\/{rel}","templated":true}]}}