{"id":5339,"date":"2022-10-13T20:58:57","date_gmt":"2022-10-13T18:58:57","guid":{"rendered":"http:\/\/www.lopselisdarzelis.rudamina.vilniausr.lm.lt\/?page_id=5339"},"modified":"2026-01-15T12:11:44","modified_gmt":"2026-01-15T10:11:44","slug":"lopselio-darzelio-istorija","status":"publish","type":"page","link":"https:\/\/www.lopselisdarzelis.rudamina.vilniausr.lm.lt\/?page_id=5339","title":{"rendered":"Lop\u0161elio-dar\u017eelio istorija"},"content":{"rendered":"\n<p>\u012estaiga \u012fsik\u016brusi Rudaminos miestelyje, esan\u010dioje\u00a0 12 kilometr\u0173 nuo Vilniaus. \u012estaig\u0105 lanko vaikai ne tik i\u0161 lenki\u0161k\u0173 \u0161eim\u0173, bet ir i\u0161 kitos kult\u016brin\u0117s aplinkos. Rudaminos lop\u0161elis-dar\u017eelis \u012fsteigtas 2006-12-08, o veiklos prad\u017eia 2008 -02-01. 3 (1 ankstyvojo am\u017eiaus ugdymo grup\u0117 2-3 met\u0173 vaikams; 1 ikimokyklinio ugdymo am\u017eiaus grup\u0117 3-4 m. vaikams; 1 ikimokyklinio ugdymo am\u017eiaus grup\u0117 4-5 m. vaikams).<\/p>\n\n\n\n<p>\u012estaigoje puosel\u0117jamos etnokult\u016bros tradicijos ir tuo pa\u010di\u0173 ji atvira kitoms kult\u016broms.\u00a0 \u0160eimos aktyviai dalyvauja ne tik vaiko ugdyme, bet ir lop\u0161elio\u2013dar\u017eelio kult\u016briniame gyvenime. Atsi\u017evelgiant \u012f t\u0117v\u0173 (glob\u0117j\u0173) l\u016bkes\u010dius, siekiama pad\u0117ti vaikui perimti lenk\u0173 tautos kult\u016bros vertybes, papro\u010dius, tradicijas, jas puosel\u0117ti ir kartu kurti \u0161iuolaikin\u0119 \u012fstaigos bendruomen\u0119, atvir\u0105 kitoms kult\u016broms.<\/p>\n\n\n\n<p>Lop\u0161elis\u2013dar\u017eelis pastatytas tinkamoje vaikams aplinkoje: apsuptas \u017ealumos, arti n\u0117ra judri\u0173 gatvi\u0173. \u017daidimo aik\u0161tel\u0117se pakankama erdv\u0117s judriems \u017eaidimams, kuris orientuojasi \u012f \u0161vietimo politik\u0105, nukreipt\u0105 \u012f ugdymo ir socialini\u0173 paslaug\u0173 integravim\u0105, teikiant param\u0105 vaikui ir \u0161eimai.<\/p>\n\n\n\n<p><\/p>\n\n\n\n<p><\/p>\n\n\n\n<p><\/p>\n","protected":false},"excerpt":{"rendered":"<p>\u012estaiga \u012fsik\u016brusi Rudaminos miestelyje, esan\u010dioje\u00a0 12 kilometr\u0173 nuo Vilniaus. \u012estaig\u0105 lanko vaikai ne tik i\u0161 lenki\u0161k\u0173 \u0161eim\u0173, bet ir i\u0161 kitos kult\u016brin\u0117s aplinkos. Rudaminos lop\u0161elis-dar\u017eelis \u012fsteigtas 2006-12-08, o veiklos prad\u017eia 2008 -02-01. 3 (1 ankstyvojo am\u017eiaus ugdymo grup\u0117 2-3 met\u0173 &hellip; <a href=\"https:\/\/www.lopselisdarzelis.rudamina.vilniausr.lm.lt\/?page_id=5339\">Skaitykite toliau <span class=\"meta-nav\">&rarr;<\/span><\/a><\/p>\n","protected":false},"author":1,"featured_media":0,"parent":0,"menu_order":0,"comment_status":"closed","ping_status":"closed","template":"","meta":{"ngg_post_thumbnail":0,"footnotes":""},"class_list":["post-5339","page","type-page","status-publish","hentry"],"_links":{"self":[{"href":"https:\/\/www.lopselisdarzelis.rudamina.vilniausr.lm.lt\/index.php?rest_route=\/wp\/v2\/pages\/5339","targetHints":{"allow":["GET"]}}],"collection":[{"href":"https:\/\/www.lopselisdarzelis.rudamina.vilniausr.lm.lt\/index.php?rest_route=\/wp\/v2\/pages"}],"about":[{"href":"https:\/\/www.lopselisdarzelis.rudamina.vilniausr.lm.lt\/index.php?rest_route=\/wp\/v2\/types\/page"}],"author":[{"embeddable":true,"href":"https:\/\/www.lopselisdarzelis.rudamina.vilniausr.lm.lt\/index.php?rest_route=\/wp\/v2\/users\/1"}],"replies":[{"embeddable":true,"href":"https:\/\/www.lopselisdarzelis.rudamina.vilniausr.lm.lt\/index.php?rest_route=%2Fwp%2Fv2%2Fcomments&post=5339"}],"version-history":[{"count":7,"href":"https:\/\/www.lopselisdarzelis.rudamina.vilniausr.lm.lt\/index.php?rest_route=\/wp\/v2\/pages\/5339\/revisions"}],"predecessor-version":[{"id":8135,"href":"https:\/\/www.lopselisdarzelis.rudamina.vilniausr.lm.lt\/index.php?rest_route=\/wp\/v2\/pages\/5339\/revisions\/8135"}],"wp:attachment":[{"href":"https:\/\/www.lopselisdarzelis.rudamina.vilniausr.lm.lt\/index.php?rest_route=%2Fwp%2Fv2%2Fmedia&parent=5339"}],"curies":[{"name":"wp","href":"https:\/\/api.w.org\/{rel}","templated":true}]}}