{"id":5334,"date":"2022-10-13T20:47:29","date_gmt":"2022-10-13T18:47:29","guid":{"rendered":"http:\/\/www.lopselisdarzelis.rudamina.vilniausr.lm.lt\/?page_id=5334"},"modified":"2026-01-15T12:09:03","modified_gmt":"2026-01-15T10:09:03","slug":"darbo-skelbimai","status":"publish","type":"page","link":"https:\/\/www.lopselisdarzelis.rudamina.vilniausr.lm.lt\/?page_id=5334","title":{"rendered":"Darbo skelbimai"},"content":{"rendered":"\n<p class=\"has-text-align-center\"><strong>Informacija apie laisvas darbo vietas Vilniaus r. Rudaminos lop\u0161elyje-dar\u017eelyje nuo 2025-09- 01<\/strong>:<\/p>\n\n\n\n<p>Ikimokyklinio ugdymo mokytojas&nbsp;&#8211; 1 etatas. Mokomosios\/darbo kalbos: lenk\u0173.<\/p>\n\n\n\n<p>Lietuvi\u0173 kalbos mokytojas, dirbantis pagal ikimokyklinio ugdymo program\u0105 tautini\u0173 ma\u017eum\u0173 mokyklose 0,75 etato.\u00a0Mokomosios\/darbo kalbos:\u00a0lietuvi\u0173\/lenk\u0173.<\/p>\n\n\n\n<p>Logopedas&nbsp;1 etatas.&nbsp;Mokomosios\/darbo kalbos: lenk\u0173.<\/p>\n\n\n\n<p>Psichologas&nbsp;0,25 etato.&nbsp;Mokomosios\/darbo kalbos: lenk\u0173.<\/p>\n\n\n\n<p>Specialusis pedagogas&nbsp;0,25 etato.&nbsp;Mokomosios\/darbo kalbos: lenk\u0173.<\/p>\n\n\n\n<p>&#x1f393;&nbsp;<strong>Kvie\u010diame si\u0173sti savo gyvenimo apra\u0161ym\u0105!<\/strong><br>&#x1f4e7;&nbsp;<strong>El. pa\u0161tu:<\/strong>&nbsp;<a href=\"https:\/\/e.mail.ru\/compose\/?mailto=mailto%3arastine@ld.rudamina.vilniausr.lm.lt\">rastine@ld.rudamina.vilniausr.lm.lt<\/a><br>&#x1f4de;&nbsp;<strong>Turite klausim\u0173? Skambinkite:<\/strong>&nbsp;+370 5 250 5253<\/p>\n\n\n\n<p><\/p>\n","protected":false},"excerpt":{"rendered":"<p>Informacija apie laisvas darbo vietas Vilniaus r. Rudaminos lop\u0161elyje-dar\u017eelyje nuo 2025-09- 01: Ikimokyklinio ugdymo mokytojas&nbsp;&#8211; 1 etatas. Mokomosios\/darbo kalbos: lenk\u0173. Lietuvi\u0173 kalbos mokytojas, dirbantis pagal ikimokyklinio ugdymo program\u0105 tautini\u0173 ma\u017eum\u0173 mokyklose 0,75 etato.\u00a0Mokomosios\/darbo kalbos:\u00a0lietuvi\u0173\/lenk\u0173. Logopedas&nbsp;1 etatas.&nbsp;Mokomosios\/darbo kalbos: lenk\u0173. Psichologas&nbsp;0,25 etato.&nbsp;Mokomosios\/darbo &hellip; <a href=\"https:\/\/www.lopselisdarzelis.rudamina.vilniausr.lm.lt\/?page_id=5334\">Skaitykite toliau <span class=\"meta-nav\">&rarr;<\/span><\/a><\/p>\n","protected":false},"author":1,"featured_media":0,"parent":0,"menu_order":0,"comment_status":"closed","ping_status":"closed","template":"","meta":{"ngg_post_thumbnail":0,"footnotes":""},"class_list":["post-5334","page","type-page","status-publish","hentry"],"_links":{"self":[{"href":"https:\/\/www.lopselisdarzelis.rudamina.vilniausr.lm.lt\/index.php?rest_route=\/wp\/v2\/pages\/5334","targetHints":{"allow":["GET"]}}],"collection":[{"href":"https:\/\/www.lopselisdarzelis.rudamina.vilniausr.lm.lt\/index.php?rest_route=\/wp\/v2\/pages"}],"about":[{"href":"https:\/\/www.lopselisdarzelis.rudamina.vilniausr.lm.lt\/index.php?rest_route=\/wp\/v2\/types\/page"}],"author":[{"embeddable":true,"href":"https:\/\/www.lopselisdarzelis.rudamina.vilniausr.lm.lt\/index.php?rest_route=\/wp\/v2\/users\/1"}],"replies":[{"embeddable":true,"href":"https:\/\/www.lopselisdarzelis.rudamina.vilniausr.lm.lt\/index.php?rest_route=%2Fwp%2Fv2%2Fcomments&post=5334"}],"version-history":[{"count":12,"href":"https:\/\/www.lopselisdarzelis.rudamina.vilniausr.lm.lt\/index.php?rest_route=\/wp\/v2\/pages\/5334\/revisions"}],"predecessor-version":[{"id":8133,"href":"https:\/\/www.lopselisdarzelis.rudamina.vilniausr.lm.lt\/index.php?rest_route=\/wp\/v2\/pages\/5334\/revisions\/8133"}],"wp:attachment":[{"href":"https:\/\/www.lopselisdarzelis.rudamina.vilniausr.lm.lt\/index.php?rest_route=%2Fwp%2Fv2%2Fmedia&parent=5334"}],"curies":[{"name":"wp","href":"https:\/\/api.w.org\/{rel}","templated":true}]}}