{"id":5329,"date":"2022-10-13T19:58:07","date_gmt":"2022-10-13T17:58:07","guid":{"rendered":"http:\/\/www.lopselisdarzelis.rudamina.vilniausr.lm.lt\/?page_id=5329"},"modified":"2025-09-01T19:30:23","modified_gmt":"2025-09-01T17:30:23","slug":"savivalda","status":"publish","type":"page","link":"https:\/\/www.lopselisdarzelis.rudamina.vilniausr.lm.lt\/?page_id=5329","title":{"rendered":"Savivalda"},"content":{"rendered":"\n<p><strong>Lop\u0161elio &#8211; dar\u017eelio t\u0117v\u0173 taryba<\/strong><\/p>\n\n\n\n<p>Pirminink\u0117: Julija Stankevi\u010d,  t\u0117v\u0173 atstov\u0117;<\/p>\n\n\n\n<p>Sekretor\u0117: Liudmila Kalionova, vyresnioji ikimokyklinio ugdymo mokytoja  ;<\/p>\n\n\n\n<p><strong>Nariai:&nbsp;<\/strong><\/p>\n\n\n\n<p>Viktorija Kuznecova,  t\u0117v\u0173 atstov\u0117;<\/p>\n\n\n\n<p>Justina \u010cerniavska, t\u0117v\u0173 atstov\u0117;<\/p>\n\n\n\n<p>Diana Jurgo, vyresnioji ikimokyklinio ugdymo mokytoja ;<\/p>\n\n\n\n<p>Juliana \u0160ilobrit, ikimokyklinio ugdymo mokytoja metodinink\u0117;<\/p>\n\n\n\n<p><\/p>\n\n\n\n<p><\/p>\n","protected":false},"excerpt":{"rendered":"<p>Lop\u0161elio &#8211; dar\u017eelio t\u0117v\u0173 taryba Pirminink\u0117: Julija Stankevi\u010d, t\u0117v\u0173 atstov\u0117; Sekretor\u0117: Liudmila Kalionova, vyresnioji ikimokyklinio ugdymo mokytoja ; Nariai:&nbsp; Viktorija Kuznecova, t\u0117v\u0173 atstov\u0117; Justina \u010cerniavska, t\u0117v\u0173 atstov\u0117; Diana Jurgo, vyresnioji ikimokyklinio ugdymo mokytoja ; Juliana \u0160ilobrit, ikimokyklinio ugdymo mokytoja metodinink\u0117;<\/p>\n","protected":false},"author":1,"featured_media":0,"parent":0,"menu_order":0,"comment_status":"closed","ping_status":"closed","template":"","meta":{"ngg_post_thumbnail":0,"footnotes":""},"class_list":["post-5329","page","type-page","status-publish","hentry"],"_links":{"self":[{"href":"https:\/\/www.lopselisdarzelis.rudamina.vilniausr.lm.lt\/index.php?rest_route=\/wp\/v2\/pages\/5329","targetHints":{"allow":["GET"]}}],"collection":[{"href":"https:\/\/www.lopselisdarzelis.rudamina.vilniausr.lm.lt\/index.php?rest_route=\/wp\/v2\/pages"}],"about":[{"href":"https:\/\/www.lopselisdarzelis.rudamina.vilniausr.lm.lt\/index.php?rest_route=\/wp\/v2\/types\/page"}],"author":[{"embeddable":true,"href":"https:\/\/www.lopselisdarzelis.rudamina.vilniausr.lm.lt\/index.php?rest_route=\/wp\/v2\/users\/1"}],"replies":[{"embeddable":true,"href":"https:\/\/www.lopselisdarzelis.rudamina.vilniausr.lm.lt\/index.php?rest_route=%2Fwp%2Fv2%2Fcomments&post=5329"}],"version-history":[{"count":10,"href":"https:\/\/www.lopselisdarzelis.rudamina.vilniausr.lm.lt\/index.php?rest_route=\/wp\/v2\/pages\/5329\/revisions"}],"predecessor-version":[{"id":8002,"href":"https:\/\/www.lopselisdarzelis.rudamina.vilniausr.lm.lt\/index.php?rest_route=\/wp\/v2\/pages\/5329\/revisions\/8002"}],"wp:attachment":[{"href":"https:\/\/www.lopselisdarzelis.rudamina.vilniausr.lm.lt\/index.php?rest_route=%2Fwp%2Fv2%2Fmedia&parent=5329"}],"curies":[{"name":"wp","href":"https:\/\/api.w.org\/{rel}","templated":true}]}}