{"id":5260,"date":"2022-09-26T19:39:11","date_gmt":"2022-09-26T17:39:11","guid":{"rendered":"http:\/\/www.lopselisdarzelis.rudamina.vilniausr.lm.lt\/?page_id=5260"},"modified":"2026-01-15T12:31:53","modified_gmt":"2026-01-15T10:31:53","slug":"praneseju-apsauga","status":"publish","type":"page","link":"https:\/\/www.lopselisdarzelis.rudamina.vilniausr.lm.lt\/?page_id=5260","title":{"rendered":"PRANE\u0160\u0116J\u0172 APSAUGA"},"content":{"rendered":"\n<div class=\"wp-block-file\"><a id=\"wp-block-file--media-91b83db5-7da3-4dcd-88f4-f5bb00497d43\" href=\"https:\/\/www.lopselisdarzelis.rudamina.vilniausr.lm.lt\/wp-content\/uploads\/2022\/09\/Praneseju-apsaugos-istatymas.docx\">Prane\u0161\u0117j\u0173 apsaugos \u012fstatymas <\/a><\/div>\n\n\n\n<div class=\"wp-block-file\"><a id=\"wp-block-file--media-0410d4b2-cdb6-42a5-a21a-a839a7e5c82f\" href=\"https:\/\/www.lopselisdarzelis.rudamina.vilniausr.lm.lt\/wp-content\/uploads\/2022\/09\/Praneseju-apsaugos-nutarimas.docx\">Prane\u0161\u0117j\u0173 apsaugos nutarimas<\/a><\/div>\n\n\n\n<div class=\"wp-block-file\"><a id=\"wp-block-file--media-753f87c0-4772-4591-93a8-52d0e04915b6\" href=\"https:\/\/www.lopselisdarzelis.rudamina.vilniausr.lm.lt\/wp-content\/uploads\/2022\/09\/Pranesimas-apie-pazeidima.docx\">Prane\u0161imas apie pa\u017eeidim\u0105<\/a><\/div>\n\n\n\n<p><\/p>\n","protected":false},"excerpt":{"rendered":"","protected":false},"author":1,"featured_media":0,"parent":0,"menu_order":0,"comment_status":"closed","ping_status":"closed","template":"","meta":{"ngg_post_thumbnail":0,"footnotes":""},"class_list":["post-5260","page","type-page","status-publish","hentry"],"_links":{"self":[{"href":"https:\/\/www.lopselisdarzelis.rudamina.vilniausr.lm.lt\/index.php?rest_route=\/wp\/v2\/pages\/5260","targetHints":{"allow":["GET"]}}],"collection":[{"href":"https:\/\/www.lopselisdarzelis.rudamina.vilniausr.lm.lt\/index.php?rest_route=\/wp\/v2\/pages"}],"about":[{"href":"https:\/\/www.lopselisdarzelis.rudamina.vilniausr.lm.lt\/index.php?rest_route=\/wp\/v2\/types\/page"}],"author":[{"embeddable":true,"href":"https:\/\/www.lopselisdarzelis.rudamina.vilniausr.lm.lt\/index.php?rest_route=\/wp\/v2\/users\/1"}],"replies":[{"embeddable":true,"href":"https:\/\/www.lopselisdarzelis.rudamina.vilniausr.lm.lt\/index.php?rest_route=%2Fwp%2Fv2%2Fcomments&post=5260"}],"version-history":[{"count":6,"href":"https:\/\/www.lopselisdarzelis.rudamina.vilniausr.lm.lt\/index.php?rest_route=\/wp\/v2\/pages\/5260\/revisions"}],"predecessor-version":[{"id":8018,"href":"https:\/\/www.lopselisdarzelis.rudamina.vilniausr.lm.lt\/index.php?rest_route=\/wp\/v2\/pages\/5260\/revisions\/8018"}],"wp:attachment":[{"href":"https:\/\/www.lopselisdarzelis.rudamina.vilniausr.lm.lt\/index.php?rest_route=%2Fwp%2Fv2%2Fmedia&parent=5260"}],"curies":[{"name":"wp","href":"https:\/\/api.w.org\/{rel}","templated":true}]}}