{"id":4895,"date":"2020-09-23T17:31:36","date_gmt":"2020-09-23T15:31:36","guid":{"rendered":"http:\/\/www.lopselisdarzelis.rudamina.vilniausr.lm.lt\/?page_id=4895"},"modified":"2025-10-14T11:45:18","modified_gmt":"2025-10-14T09:45:18","slug":"informacija-del-covid-19","status":"publish","type":"page","link":"https:\/\/www.lopselisdarzelis.rudamina.vilniausr.lm.lt\/?page_id=4895","title":{"rendered":"COVID-19"},"content":{"rendered":"\n<p class=\"has-text-align-center\">Vaikus atlydin\u010di\u0173 asmen\u0173 sveikatos b\u016bkl\u0117 turi b\u016bti stebima (turi b\u016bti sudarytos s\u0105lygos matuoti(s) k\u016bno temperat\u016br\u0105). Turi b\u016bti u\u017etikrinamas vis\u0173 priimam\u0173 \u012f \u012fstaig\u0105 vaik\u0173 sveikatos b\u016bkl\u0117s vertinimas. Vaikai, kuriems pasirei\u0161kia \u016bmi\u0173 vir\u0161utini\u0173 kv\u0117pavimo tak\u0173 infekcij\u0173 po\u017eymiai (pvz., kar\u0161\u010diavimas (37,3 \u00b0C ir daugiau), kosulys, pasunk\u0117j\u0119s kv\u0117pavimas ir pan.) ar kiti po\u017eymiai, nurodyti Lietuvos higienos normos HN 75:2016 \u201eIkimokyklinio ir prie\u0161mokyklinio ugdymo program\u0173 vykdymo bendrieji sveikatos saugos reikalavimai\u201c, patvirtintos Lietuvos Respublikos sveikatos apsaugos ministro 2010 m. baland\u017eio 22 d. \u012fsakymu Nr. V-313 \u201eD\u0117l Lietuvos higienos normos HN 75:2016 \u201eIkimokyklinio ir prie\u0161mokyklinio ugdymo program\u0173 vykdymo bendrieji sveikatos saugos reikalavimai\u201c patvirtinimo\u201c, 80 punkte, dalyvauti ugdymo veikloje negali b\u016bti priimami.<\/p>\n\n\n\n<div class=\"wp-block-file\"><a id=\"wp-block-file--media-4d6df1a9-e71a-4a6d-9e6b-3265e0901bd5\" href=\"https:\/\/www.lopselisdarzelis.rudamina.vilniausr.lm.lt\/wp-content\/uploads\/2020\/09\/NVSC_Algoritmai.pdf\">Informacija \u012fstaigos vadovui, darbuotojams, t\u0117vams(glob\u0117jams, r\u016bpintojams) d\u0117l susirgimo Covid-19<\/a><\/div>\n\n\n\n<div class=\"wp-block-file\"><a id=\"wp-block-file--media-6a9a96ce-4dbd-47a3-a376-4f51ef8e9560\" href=\"https:\/\/www.lopselisdarzelis.rudamina.vilniausr.lm.lt\/wp-content\/uploads\/2020\/09\/Rekomendacijos-dar\u017eeliams-t\u0117veliams-glob\u0117jams.pdf\">Rekomendacijos-dar\u017eeliams-t\u0117veliams-glob\u0117jams &#8222;\u017daisl\u0173 sauga&#8221;<\/a><\/div>\n\n\n\n<div class=\"wp-block-file\"><a id=\"wp-block-file--media-db59aada-1061-48b5-94e7-1aa6d799321e\" href=\"https:\/\/www.lopselisdarzelis.rudamina.vilniausr.lm.lt\/wp-content\/uploads\/2020\/11\/SPRENDIMAS-V-2543.docx\">2020 m. lapkri\u010dio 6 d. Sprendimas d\u0117l ikimokyklinio ir prie\u0161mokyklinio ugdymo organizavimo b\u016btin\u0173 s\u0105lyg\u0173 <br> <\/a><\/div>\n\n\n\n<div class=\"wp-block-file\"><a id=\"wp-block-file--media-3ee3027c-7737-43d5-bdc6-55abd648d500\" href=\"https:\/\/www.lopselisdarzelis.rudamina.vilniausr.lm.lt\/wp-content\/uploads\/2020\/12\/NUTARIMAS-NR.1418.docx\">Nutarimas d\u0117l Lietuvos Respublikos Vyriausyb\u0117s 2020 m. lapkri\u010dio 4 d. nutarimo nr. 1226 &#8222;D\u0117l karantino Lietuvos Respublikos teritorijoje paskelbimo&#8221; pakeitimo &nbsp;<\/a><\/div>\n\n\n\n<div class=\"wp-block-file\"><a id=\"wp-block-file--media-623c8e5a-5830-4a23-9340-1f0877f3244d\" href=\"https:\/\/www.lopselisdarzelis.rudamina.vilniausr.lm.lt\/wp-content\/uploads\/2020\/12\/Darbas-nuo-gruodzio-16-d..pdf\">Kokiomis s\u0105lygomis dirbsime nuo 2020m. gruod\u017eio 16d. iki 2021  sausio 31 d.<\/a><\/div>\n\n\n\n<div class=\"wp-block-file\"><a id=\"wp-block-file--media-cb007a4f-51bb-4f1a-a9db-a4ae5f29c536\" href=\"https:\/\/www.lopselisdarzelis.rudamina.vilniausr.lm.lt\/wp-content\/uploads\/2020\/12\/Svietimo-bendruomenei.pdf\">Gruod\u017eio 14 d. \u0161vietimo, mokslo ir sporto ministr\u0117s dr. Jurgitos \u0160iug\u017edinien\u0117s lai\u0161kas \u0161vietimo bendruomenei.  <\/a><\/div>\n\n\n\n<div class=\"wp-block-file\"><a id=\"wp-block-file--media-f0deaff6-bf26-4e4b-a759-af1e1c79d315\" href=\"https:\/\/www.lopselisdarzelis.rudamina.vilniausr.lm.lt\/wp-content\/uploads\/2022\/01\/darbuotoju-kontaktas-1.png\">Darbuotoj\u0173 kontaktas su Covid &#8211; 19 sergan\u010di\u0173 asmeniu.<\/a><\/div>\n\n\n\n<div class=\"wp-block-file\"><a id=\"wp-block-file--media-82486dde-ce56-4928-a1dc-a259715da938\" href=\"https:\/\/www.lopselisdarzelis.rudamina.vilniausr.lm.lt\/wp-content\/uploads\/2022\/01\/OV-Del-gyvybiskai-svarbias-f-jas-vykdanciu-darbuotoju-A321-479.pdf\">D\u0117l gyvybi\u0161kai svarbi\u0173 funkcij\u0173 vykdan\u010di\u0173 darbuotoj\u0173. <\/a><\/div>\n\n\n\n<div class=\"wp-block-file\"><a id=\"wp-block-file--media-edeb1aac-d978-4dfc-b3d6-4d44a82fe294\" href=\"https:\/\/www.lopselisdarzelis.rudamina.vilniausr.lm.lt\/wp-content\/uploads\/2022\/01\/ikimokyklinis-priesmokyklinis-kontaktas-ugdyme-vaikai.png\">Vaik\u0173 kontaktas su Covid 19 sergan\u010di\u0173 asmeniu.<\/a><\/div>\n\n\n\n<div class=\"wp-block-file\"><a id=\"wp-block-file--media-1bcffcd3-a169-41b0-b4ab-8f87a510bab3\" href=\"https:\/\/www.lopselisdarzelis.rudamina.vilniausr.lm.lt\/wp-content\/uploads\/2022\/01\/visuomenei-1.png\">Visuomen\u0117s izoliavimosi algoritmas<\/a><\/div>\n\n\n\n<p><\/p>\n","protected":false},"excerpt":{"rendered":"<p>Vaikus atlydin\u010di\u0173 asmen\u0173 sveikatos b\u016bkl\u0117 turi b\u016bti stebima (turi b\u016bti sudarytos s\u0105lygos matuoti(s) k\u016bno temperat\u016br\u0105). Turi b\u016bti u\u017etikrinamas vis\u0173 priimam\u0173 \u012f \u012fstaig\u0105 vaik\u0173 sveikatos b\u016bkl\u0117s vertinimas. Vaikai, kuriems pasirei\u0161kia \u016bmi\u0173 vir\u0161utini\u0173 kv\u0117pavimo tak\u0173 infekcij\u0173 po\u017eymiai (pvz., kar\u0161\u010diavimas (37,3 \u00b0C ir &hellip; <a href=\"https:\/\/www.lopselisdarzelis.rudamina.vilniausr.lm.lt\/?page_id=4895\">Skaitykite toliau <span class=\"meta-nav\">&rarr;<\/span><\/a><\/p>\n","protected":false},"author":1,"featured_media":0,"parent":0,"menu_order":0,"comment_status":"closed","ping_status":"closed","template":"","meta":{"ngg_post_thumbnail":0,"footnotes":""},"class_list":["post-4895","page","type-page","status-publish","hentry"],"_links":{"self":[{"href":"https:\/\/www.lopselisdarzelis.rudamina.vilniausr.lm.lt\/index.php?rest_route=\/wp\/v2\/pages\/4895","targetHints":{"allow":["GET"]}}],"collection":[{"href":"https:\/\/www.lopselisdarzelis.rudamina.vilniausr.lm.lt\/index.php?rest_route=\/wp\/v2\/pages"}],"about":[{"href":"https:\/\/www.lopselisdarzelis.rudamina.vilniausr.lm.lt\/index.php?rest_route=\/wp\/v2\/types\/page"}],"author":[{"embeddable":true,"href":"https:\/\/www.lopselisdarzelis.rudamina.vilniausr.lm.lt\/index.php?rest_route=\/wp\/v2\/users\/1"}],"replies":[{"embeddable":true,"href":"https:\/\/www.lopselisdarzelis.rudamina.vilniausr.lm.lt\/index.php?rest_route=%2Fwp%2Fv2%2Fcomments&post=4895"}],"version-history":[{"count":16,"href":"https:\/\/www.lopselisdarzelis.rudamina.vilniausr.lm.lt\/index.php?rest_route=\/wp\/v2\/pages\/4895\/revisions"}],"predecessor-version":[{"id":8016,"href":"https:\/\/www.lopselisdarzelis.rudamina.vilniausr.lm.lt\/index.php?rest_route=\/wp\/v2\/pages\/4895\/revisions\/8016"}],"wp:attachment":[{"href":"https:\/\/www.lopselisdarzelis.rudamina.vilniausr.lm.lt\/index.php?rest_route=%2Fwp%2Fv2%2Fmedia&parent=4895"}],"curies":[{"name":"wp","href":"https:\/\/api.w.org\/{rel}","templated":true}]}}