{"id":4855,"date":"2020-09-13T21:01:05","date_gmt":"2020-09-13T19:01:05","guid":{"rendered":"http:\/\/www.lopselisdarzelis.rudamina.vilniausr.lm.lt\/?page_id=4855"},"modified":"2026-01-15T16:09:44","modified_gmt":"2026-01-15T14:09:44","slug":"kontaktai","status":"publish","type":"page","link":"https:\/\/www.lopselisdarzelis.rudamina.vilniausr.lm.lt\/?page_id=4855","title":{"rendered":"Kontaktin\u0117 informacija"},"content":{"rendered":"\n<p class=\"has-text-align-left\"><strong>Vilniaus r. Rudaminos lop\u0161elis-dar\u017eelis<\/strong><\/p>\n\n\n\n<p class=\"has-text-align-left\"><strong>Adresas:<\/strong> Mokyklos g. 11, Rudaminos mstl., LT-13245 Vilniaus r.<\/p>\n\n\n\n<p class=\"has-text-align-left\"><strong>Tel.: <\/strong>Tel\/faks. +370 5 250 52 53<\/p>\n\n\n\n<p class=\"has-text-align-left\"><strong>El. pa\u0161tas: <\/strong><a href=\"mailto:rastine@ld.rudamina.vilniausr.lm.lt\">rastine@ld.rudamina.vilniausr.lm.lt<\/a><\/p>\n\n\n\n<p><strong>El. adresas<\/strong> : <a href=\"https:\/\/www.lopselisdarzelis.rudamina.vilniausr.lm.lt\/\">https:\/\/www.lopselisdarzelis.rudamina.vilniausr.lm.lt\/<\/a><\/p>\n\n\n\n<p class=\"has-text-align-left\"><strong>Darbo laikas:<\/strong> I-V 7.00-17.30<\/p>\n\n\n\n<p><strong>Teisin\u0117 forma<\/strong>: biud\u017eetin\u0117 \u012fstaiga<\/p>\n\n\n\n<p><strong>\u012estaigos kodas<\/strong>: 300817489<\/p>\n\n\n\n<p>Duomenys kaupiami ir saugomi Juridini\u0173 asmen\u0173 registre<\/p>\n\n\n\n<p><strong>Vilniaus r. Rudaminos lop\u0161elio-dar\u017eelio savininkas<\/strong> &#8211; Vilniaus rajono savivaldyb\u0117, \u012fstaigos kodas 188708224, Rinktin\u0117s g. 50, LT- 09318 Vilnius.<\/p>\n\n\n\n<p><strong>Ugdymo kalba<\/strong> &#8211; lenk\u0173 kalba. <\/p>\n\n\n\n<p><\/p>\n","protected":false},"excerpt":{"rendered":"<p>Vilniaus r. Rudaminos lop\u0161elis-dar\u017eelis Adresas: Mokyklos g. 11, Rudaminos mstl., LT-13245 Vilniaus r. Tel.: Tel\/faks. +370 5 250 52 53 El. pa\u0161tas: rastine@ld.rudamina.vilniausr.lm.lt El. adresas : https:\/\/www.lopselisdarzelis.rudamina.vilniausr.lm.lt\/ Darbo laikas: I-V 7.00-17.30 Teisin\u0117 forma: biud\u017eetin\u0117 \u012fstaiga \u012estaigos kodas: 300817489 Duomenys kaupiami &hellip; <a href=\"https:\/\/www.lopselisdarzelis.rudamina.vilniausr.lm.lt\/?page_id=4855\">Skaitykite toliau <span class=\"meta-nav\">&rarr;<\/span><\/a><\/p>\n","protected":false},"author":1,"featured_media":0,"parent":0,"menu_order":0,"comment_status":"closed","ping_status":"closed","template":"","meta":{"ngg_post_thumbnail":0,"footnotes":""},"class_list":["post-4855","page","type-page","status-publish","hentry"],"_links":{"self":[{"href":"https:\/\/www.lopselisdarzelis.rudamina.vilniausr.lm.lt\/index.php?rest_route=\/wp\/v2\/pages\/4855","targetHints":{"allow":["GET"]}}],"collection":[{"href":"https:\/\/www.lopselisdarzelis.rudamina.vilniausr.lm.lt\/index.php?rest_route=\/wp\/v2\/pages"}],"about":[{"href":"https:\/\/www.lopselisdarzelis.rudamina.vilniausr.lm.lt\/index.php?rest_route=\/wp\/v2\/types\/page"}],"author":[{"embeddable":true,"href":"https:\/\/www.lopselisdarzelis.rudamina.vilniausr.lm.lt\/index.php?rest_route=\/wp\/v2\/users\/1"}],"replies":[{"embeddable":true,"href":"https:\/\/www.lopselisdarzelis.rudamina.vilniausr.lm.lt\/index.php?rest_route=%2Fwp%2Fv2%2Fcomments&post=4855"}],"version-history":[{"count":18,"href":"https:\/\/www.lopselisdarzelis.rudamina.vilniausr.lm.lt\/index.php?rest_route=\/wp\/v2\/pages\/4855\/revisions"}],"predecessor-version":[{"id":8150,"href":"https:\/\/www.lopselisdarzelis.rudamina.vilniausr.lm.lt\/index.php?rest_route=\/wp\/v2\/pages\/4855\/revisions\/8150"}],"wp:attachment":[{"href":"https:\/\/www.lopselisdarzelis.rudamina.vilniausr.lm.lt\/index.php?rest_route=%2Fwp%2Fv2%2Fmedia&parent=4855"}],"curies":[{"name":"wp","href":"https:\/\/api.w.org\/{rel}","templated":true}]}}