{"id":4853,"date":"2020-09-13T20:59:35","date_gmt":"2020-09-13T18:59:35","guid":{"rendered":"http:\/\/www.lopselisdarzelis.rudamina.vilniausr.lm.lt\/?page_id=4853"},"modified":"2025-11-04T15:30:03","modified_gmt":"2025-11-04T13:30:03","slug":"istaigos-pedagoginis-personalas","status":"publish","type":"page","link":"https:\/\/www.lopselisdarzelis.rudamina.vilniausr.lm.lt\/?page_id=4853","title":{"rendered":"Mokytojai, dirbantys pagal ikimokyklinio ugdymo program\u0105"},"content":{"rendered":"\n<p class=\"has-text-align-left\"><strong>Juliana \u0160ilobrit<\/strong><\/p>\n\n\n\n<p>Mokomasis dalykas: Ikimokyklinio ugdymo mokytoja<\/p>\n\n\n\n<p>I\u0161silavinimas: Auk\u0161tasis universitetinis <\/p>\n\n\n\n<p>Kvalifikacin\u0117 kategorija: Mokytoja metodinink\u0117<\/p>\n\n\n\n<p>El. pa\u0161tas: juliana.silobrit@ld.rudamina.vilniausr.lm.lt <\/p>\n\n\n\n<p><strong>Liudmila Kalionova<\/strong><\/p>\n\n\n\n<p>Mokomasis dalykas: Ikimokyklinio ugdymo mokytoja<\/p>\n\n\n\n<p>I\u0161silavinimas: Auk\u0161tasis neuniversitetinis<\/p>\n\n\n\n<p>Kvalifikacin\u0117 kategorija: Vyresnioji  mokytoja<\/p>\n\n\n\n<p>El. pa\u0161tas: liudmila.kalionova@ld.rudamina.vilniausr.lm.lt<\/p>\n\n\n\n<p><strong>Viktorija Buravliova<\/strong><\/p>\n\n\n\n<p>Mokomasis dalykas: Ikimokyklinio ugdymo mokytoja<\/p>\n\n\n\n<p>I\u0161silavinimas: Auk\u0161tasis neuniversitetinis<\/p>\n\n\n\n<p>Kvalifikacin\u0117 kategorija: Vyresnioji  mokytoja<\/p>\n\n\n\n<p>El. pa\u0161tas: viktorija.buravliova@ld.rudamina.vilniausr.lm.lt<\/p>\n\n\n\n<p class=\"has-text-align-left\"> <strong>Aleksandra Ob\u017eilian <\/strong><\/p>\n\n\n\n<p>Mokomasis dalykas: Ikimokyklinio ugdymo mokytoja<\/p>\n\n\n\n<p>I\u0161silavinimas: Auk\u0161tasis neuniversitetinis<\/p>\n\n\n\n<p>Kvalifikacin\u0117 kategorija: Vyresnioji  mokytoja<\/p>\n\n\n\n<p>El. pa\u0161tas: aleksandra.obzilian@ld.rudamina.vilniausr.lm.lt<\/p>\n\n\n\n<p class=\"has-text-align-left\"><strong>Bo\u017eena German<\/strong><\/p>\n\n\n\n<p>Mokomasis dalykas: Ikimokyklinio ugdymo mokytoja<\/p>\n\n\n\n<p>I\u0161silavinimas:  Auk\u0161tasis neuniversitetinis<\/p>\n\n\n\n<p>Kvalifikacin\u0117 kategorija: Mokytoja<\/p>\n\n\n\n<p>El. pa\u0161tas: bozena.german@ld.rudamina.vilniausr.lm.lt<\/p>\n\n\n\n<p class=\"has-text-align-left\"><strong>Diana Jurgo<\/strong><\/p>\n\n\n\n<p>Mokomasis dalykas: Ikimokyklinio ugdymo mokytoja<\/p>\n\n\n\n<p>I\u0161silavinimas: Auk\u0161tasis neuniversitetinis<\/p>\n\n\n\n<p>Kvalifikacin\u0117 kategorija: Vyresnioji  mokytoja<\/p>\n\n\n\n<p>El. pa\u0161tas: diana.jurgo@ld.rudamina.vilniausr.lm.lt<\/p>\n\n\n\n<p><strong>Ivona Ilkevi\u010d<\/strong><\/p>\n\n\n\n<p>Mokomasis dalykas: Ikimokyklinio ugdymo mokytoja<\/p>\n\n\n\n<p>I\u0161silavinimas: Auk\u0161tasis neuniversitetinis<\/p>\n\n\n\n<p>Kvalifikacin\u0117 kategorija: Mokytoja<\/p>\n\n\n\n<p>El.pa\u0161tas: ivona.ilkevic@ld.rudamina.vilniausr.lm.lt<\/p>\n\n\n\n<p><strong>Sandra Ma\u0161aro<\/strong><\/p>\n\n\n\n<p>Mokomasis dalykas: Ikimokyklinio ugdymo mokytoja<\/p>\n\n\n\n<p>I\u0161silavinimas: Auk\u0161tasis neuniversitetinis<\/p>\n\n\n\n<p>Kvalifikacin\u0117 kategorija: Vyresnioji mokytoja<\/p>\n\n\n\n<p>El.pa\u0161tas: sandra.masaro@ld.rudamina.vilniausr.lm.lt<\/p>\n\n\n\n<p><strong>Ikimokyklinio ugdymo mokytoj\u0173 pad\u0117j\u0117jos :<\/strong><\/p>\n\n\n\n<p><strong>Jolanta Ustinovi\u010d<\/strong> jolanta.ustinovic@ld.rudamina.vilniausr.lm.lt<\/p>\n\n\n\n<p><strong>Renata \u017debelovi\u010d<\/strong> renata.zebelovic@ld.rudamina.vilniausr.lm.lt<\/p>\n\n\n\n<p><strong>\u017dana Benkien\u0117<\/strong> zana.benkiene@ld.rudamina.vilniausr.lm.lt<\/p>\n\n\n\n<p><strong>El\u017ebieta Malinina<\/strong> elzbieta.malinina@ld.rudamina.vilniausr.lm.lt<\/p>\n\n\n\n<p><strong>\u017dana Lisovskaja<\/strong> zana.lisovskaja@ld.rudamina.vilniausr.lm.lt<\/p>\n\n\n\n<p><strong>Mokinio pad\u0117j\u0117ja: <\/strong><\/p>\n\n\n\n<p><strong>Renata Monikailo<\/strong> renata.monikailo@ld.rudamina.vilniausr.lm.lt (mokinio pad\u0117j\u0117ja)<\/p>\n\n\n\n<p><strong>Pagalbos mokiniui specialistas:<\/strong><\/p>\n\n\n\n<p>Agata Junevi\u010d (socialinis pedagogas) agata.junevic@ld.rudamina.vilniausr.lm.lt<\/p>\n\n\n\n<p class=\"has-text-align-left\"><strong>Meninio ugdymo mokytojos:<\/strong> <\/p>\n\n\n\n<p class=\"has-text-align-left\"><strong>Irena \u0160eibak<\/strong>  (muzikos mokytoja) irena.seibak@ld.rudamina.vilniausr.lm.lt<\/p>\n\n\n\n<p><strong>Mariia Turovets <\/strong>(\u0161oki\u0173 mokytoja) mariia.turovec@ld.rudamina.vilniausr.lm.lt<\/p>\n\n\n\n<p><\/p>\n","protected":false},"excerpt":{"rendered":"<p>Juliana \u0160ilobrit Mokomasis dalykas: Ikimokyklinio ugdymo mokytoja I\u0161silavinimas: Auk\u0161tasis universitetinis Kvalifikacin\u0117 kategorija: Mokytoja metodinink\u0117 El. pa\u0161tas: juliana.silobrit@ld.rudamina.vilniausr.lm.lt Liudmila Kalionova Mokomasis dalykas: Ikimokyklinio ugdymo mokytoja I\u0161silavinimas: Auk\u0161tasis neuniversitetinis Kvalifikacin\u0117 kategorija: Vyresnioji mokytoja El. pa\u0161tas: liudmila.kalionova@ld.rudamina.vilniausr.lm.lt Viktorija Buravliova Mokomasis dalykas: Ikimokyklinio ugdymo &hellip; <a href=\"https:\/\/www.lopselisdarzelis.rudamina.vilniausr.lm.lt\/?page_id=4853\">Skaitykite toliau <span class=\"meta-nav\">&rarr;<\/span><\/a><\/p>\n","protected":false},"author":1,"featured_media":0,"parent":0,"menu_order":0,"comment_status":"closed","ping_status":"closed","template":"","meta":{"ngg_post_thumbnail":0,"footnotes":""},"class_list":["post-4853","page","type-page","status-publish","hentry"],"_links":{"self":[{"href":"https:\/\/www.lopselisdarzelis.rudamina.vilniausr.lm.lt\/index.php?rest_route=\/wp\/v2\/pages\/4853","targetHints":{"allow":["GET"]}}],"collection":[{"href":"https:\/\/www.lopselisdarzelis.rudamina.vilniausr.lm.lt\/index.php?rest_route=\/wp\/v2\/pages"}],"about":[{"href":"https:\/\/www.lopselisdarzelis.rudamina.vilniausr.lm.lt\/index.php?rest_route=\/wp\/v2\/types\/page"}],"author":[{"embeddable":true,"href":"https:\/\/www.lopselisdarzelis.rudamina.vilniausr.lm.lt\/index.php?rest_route=\/wp\/v2\/users\/1"}],"replies":[{"embeddable":true,"href":"https:\/\/www.lopselisdarzelis.rudamina.vilniausr.lm.lt\/index.php?rest_route=%2Fwp%2Fv2%2Fcomments&post=4853"}],"version-history":[{"count":26,"href":"https:\/\/www.lopselisdarzelis.rudamina.vilniausr.lm.lt\/index.php?rest_route=\/wp\/v2\/pages\/4853\/revisions"}],"predecessor-version":[{"id":8077,"href":"https:\/\/www.lopselisdarzelis.rudamina.vilniausr.lm.lt\/index.php?rest_route=\/wp\/v2\/pages\/4853\/revisions\/8077"}],"wp:attachment":[{"href":"https:\/\/www.lopselisdarzelis.rudamina.vilniausr.lm.lt\/index.php?rest_route=%2Fwp%2Fv2%2Fmedia&parent=4853"}],"curies":[{"name":"wp","href":"https:\/\/api.w.org\/{rel}","templated":true}]}}