{"id":4851,"date":"2020-09-13T20:54:48","date_gmt":"2020-09-13T18:54:48","guid":{"rendered":"http:\/\/www.lopselisdarzelis.rudamina.vilniausr.lm.lt\/?page_id=4851"},"modified":"2026-01-19T15:38:16","modified_gmt":"2026-01-19T13:38:16","slug":"istaigos-vadovai","status":"publish","type":"page","link":"https:\/\/www.lopselisdarzelis.rudamina.vilniausr.lm.lt\/?page_id=4851","title":{"rendered":"\u012estaigos vadovai"},"content":{"rendered":"\n<p class=\"has-text-align-left\"><strong>Direktor\u0117<\/strong>&nbsp;<\/p>\n\n\n\n<figure class=\"wp-block-image size-large is-resized\"><img loading=\"lazy\" decoding=\"async\" width=\"644\" height=\"1024\" src=\"https:\/\/www.lopselisdarzelis.rudamina.vilniausr.lm.lt\/wp-content\/uploads\/2016\/04\/DSC_0666-644x1024.jpg\" alt=\"\" class=\"wp-image-2818\" style=\"width:161px;height:256px\" srcset=\"https:\/\/www.lopselisdarzelis.rudamina.vilniausr.lm.lt\/wp-content\/uploads\/2016\/04\/DSC_0666-644x1024.jpg 644w, https:\/\/www.lopselisdarzelis.rudamina.vilniausr.lm.lt\/wp-content\/uploads\/2016\/04\/DSC_0666-189x300.jpg 189w\" sizes=\"auto, (max-width: 644px) 100vw, 644px\" \/><\/figure>\n\n\n\n<p>Irena Bylinska <\/p>\n\n\n\n<p class=\"has-text-align-left\"><strong>El. pa\u0161tas:<\/strong>&nbsp;irena.bylinska@ld.rudamina.vilniausr.lm.lt&nbsp;<\/p>\n\n\n\n<p class=\"has-text-align-left\"><strong>Telefonas:<\/strong> +3705 250 52 53; +370 640 28 736<\/p>\n\n\n\n<p class=\"has-text-align-left\"><strong>I\u0161silavinimas:<\/strong> auk\u0161tasis\u2013universitetinis<\/p>\n\n\n\n<div class=\"wp-block-file\"><a id=\"wp-block-file--media-45c34986-84bb-4f56-ab52-49a67a772b17\" href=\"https:\/\/www.lopselisdarzelis.rudamina.vilniausr.lm.lt\/wp-content\/uploads\/2024\/01\/2018-m.-direktores-veiklos-ataskaita.pdf\">2018 m. direktor\u0117s veiklos ataskaita<\/a><\/div>\n\n\n\n<div class=\"wp-block-file\"><a id=\"wp-block-file--media-d93013b9-d6b5-48be-b85c-09f56c020eea\" href=\"https:\/\/www.lopselisdarzelis.rudamina.vilniausr.lm.lt\/wp-content\/uploads\/2024\/01\/2019-m.-direktores-veiklos-ataskaita.pdf\">2019 m. direktor\u0117s veiklos ataskaita<\/a><\/div>\n\n\n\n<div class=\"wp-block-file\"><a id=\"wp-block-file--media-63e13fc2-8f0a-4991-9046-4a6ff166a30b\" href=\"https:\/\/www.lopselisdarzelis.rudamina.vilniausr.lm.lt\/wp-content\/uploads\/2024\/01\/2020-m.-direktores-veiklos-ataskaita.pdf\">2020 m. direktor\u0117s veiklos ataskaita<\/a><\/div>\n\n\n\n<div class=\"wp-block-file\"><a id=\"wp-block-file--media-2fc95d4f-557e-4701-8f91-8b8c7eb8fc31\" href=\"https:\/\/www.lopselisdarzelis.rudamina.vilniausr.lm.lt\/wp-content\/uploads\/2024\/01\/2021-m.-direktores-veiklos-ataskaita-1.pdf\">2021 m. direktor\u0117s veiklos ataskaita<\/a><\/div>\n\n\n\n<div class=\"wp-block-file\"><a id=\"wp-block-file--media-77f12fdd-db5d-45d8-aaa9-dedb34d3de6e\" href=\"https:\/\/www.lopselisdarzelis.rudamina.vilniausr.lm.lt\/wp-content\/uploads\/2024\/01\/I.Bylinskos-2022-m.-v.a..pdf\">2022 m. direktor\u0117s veiklos ataskaita.<\/a><\/div>\n\n\n\n<div class=\"wp-block-file\"><a id=\"wp-block-file--media-6cbdd183-84af-4b4a-85d3-5894f30fb549\" href=\"https:\/\/www.lopselisdarzelis.rudamina.vilniausr.lm.lt\/wp-content\/uploads\/2024\/01\/I.-Bylinskos-2023-m.-veiklos-ataskaita.pdf\">2023 m. direktor\u0117s veiklos ataskaita<\/a><\/div>\n\n\n\n<div class=\"wp-block-file\"><a id=\"wp-block-file--media-37334db3-13f4-4739-9de7-bccd1d4ca819\" href=\"https:\/\/www.lopselisdarzelis.rudamina.vilniausr.lm.lt\/wp-content\/uploads\/2025\/01\/2024-m.-direktores-veiklos-ataskaita.pdf\">2024 m. direktores veiklos ataskaita<\/a><\/div>\n\n\n\n<div class=\"wp-block-file\"><a id=\"wp-block-file--media-40a1c80c-2525-48d3-8e5c-42a8fc489e15\" href=\"https:\/\/www.lopselisdarzelis.rudamina.vilniausr.lm.lt\/wp-content\/uploads\/2026\/01\/I.-Bylinskos-2025-m.-veik.-at.pdf\">2025 m. direktores veiklos ataskaita <\/a><\/div>\n\n\n\n<p class=\"has-text-align-left\"><strong>\u016akio ved\u0117ja  ir sekretor\u0117<\/strong><\/p>\n\n\n\n<p class=\"has-text-align-left\">Gra\u017eina Kulnis<\/p>\n\n\n\n<p class=\"has-text-align-left\"><strong>El. pa\u0161tas:<\/strong> rastine@ld.rudamina.vilniausr.lm.lt<\/p>\n\n\n\n<p>grazina.kulnis@ld.rudamina.vilniausr.lm.lt<\/p>\n\n\n\n<p class=\"has-text-align-left\"><strong>Telefonas: <\/strong>+3705 250 5253;<\/p>\n\n\n\n<p><\/p>\n\n\n\n<p><\/p>\n\n\n\n<p><\/p>\n","protected":false},"excerpt":{"rendered":"<p>Direktor\u0117&nbsp; Irena Bylinska El. pa\u0161tas:&nbsp;irena.bylinska@ld.rudamina.vilniausr.lm.lt&nbsp; Telefonas: +3705 250 52 53; +370 640 28 736 I\u0161silavinimas: auk\u0161tasis\u2013universitetinis \u016akio ved\u0117ja ir sekretor\u0117 Gra\u017eina Kulnis El. pa\u0161tas: rastine@ld.rudamina.vilniausr.lm.lt grazina.kulnis@ld.rudamina.vilniausr.lm.lt Telefonas: +3705 250 5253;<\/p>\n","protected":false},"author":1,"featured_media":0,"parent":0,"menu_order":0,"comment_status":"closed","ping_status":"closed","template":"","meta":{"ngg_post_thumbnail":0,"footnotes":""},"class_list":["post-4851","page","type-page","status-publish","hentry"],"_links":{"self":[{"href":"https:\/\/www.lopselisdarzelis.rudamina.vilniausr.lm.lt\/index.php?rest_route=\/wp\/v2\/pages\/4851","targetHints":{"allow":["GET"]}}],"collection":[{"href":"https:\/\/www.lopselisdarzelis.rudamina.vilniausr.lm.lt\/index.php?rest_route=\/wp\/v2\/pages"}],"about":[{"href":"https:\/\/www.lopselisdarzelis.rudamina.vilniausr.lm.lt\/index.php?rest_route=\/wp\/v2\/types\/page"}],"author":[{"embeddable":true,"href":"https:\/\/www.lopselisdarzelis.rudamina.vilniausr.lm.lt\/index.php?rest_route=\/wp\/v2\/users\/1"}],"replies":[{"embeddable":true,"href":"https:\/\/www.lopselisdarzelis.rudamina.vilniausr.lm.lt\/index.php?rest_route=%2Fwp%2Fv2%2Fcomments&post=4851"}],"version-history":[{"count":19,"href":"https:\/\/www.lopselisdarzelis.rudamina.vilniausr.lm.lt\/index.php?rest_route=\/wp\/v2\/pages\/4851\/revisions"}],"predecessor-version":[{"id":8153,"href":"https:\/\/www.lopselisdarzelis.rudamina.vilniausr.lm.lt\/index.php?rest_route=\/wp\/v2\/pages\/4851\/revisions\/8153"}],"wp:attachment":[{"href":"https:\/\/www.lopselisdarzelis.rudamina.vilniausr.lm.lt\/index.php?rest_route=%2Fwp%2Fv2%2Fmedia&parent=4851"}],"curies":[{"name":"wp","href":"https:\/\/api.w.org\/{rel}","templated":true}]}}