{"id":4844,"date":"2020-09-13T20:44:35","date_gmt":"2020-09-13T18:44:35","guid":{"rendered":"http:\/\/www.lopselisdarzelis.rudamina.vilniausr.lm.lt\/?page_id=4844"},"modified":"2025-10-14T12:36:02","modified_gmt":"2025-10-14T10:36:02","slug":"ataskaitos","status":"publish","type":"page","link":"https:\/\/www.lopselisdarzelis.rudamina.vilniausr.lm.lt\/?page_id=4844","title":{"rendered":"Finans\u0173 ataskait\u0173 rinkiniai"},"content":{"rendered":"\n<p><strong>Finansin\u0117s ataskaitos: <\/strong><\/p>\n\n\n\n<p><a href=\"https:\/\/www.lopselisdarzelis.rudamina.vilniausr.lm.lt\/?attachment_id=4498\">2018 m. finansin\u0117s b\u016bkl\u0117s ataskaita<\/a><\/p>\n\n\n\n<p><a href=\"https:\/\/www.lopselisdarzelis.rudamina.vilniausr.lm.lt\/?attachment_id=4581\">2019 m. finansin\u0117s b\u016bkl\u0117s ataskaita<\/a><\/p>\n\n\n\n<div class=\"wp-block-file\"><a id=\"wp-block-file--media-a830eb1c-4fdd-42db-ae69-a7b399cd3d1f\" href=\"https:\/\/www.lopselisdarzelis.rudamina.vilniausr.lm.lt\/wp-content\/uploads\/2021\/07\/2020-m.-finansines-bukles-ataskaita-1.pdf\"><mark style=\"background-color:rgba(0, 0, 0, 0)\" class=\"has-inline-color has-blue-color\">2020 m. finansin\u0117s b\u016bkl\u0117s ataskaita<\/mark><\/a><\/div>\n\n\n\n<div class=\"wp-block-file\"><a id=\"wp-block-file--media-07768da1-2683-4014-a446-c213a7146c41\" href=\"https:\/\/www.lopselisdarzelis.rudamina.vilniausr.lm.lt\/wp-content\/uploads\/2022\/06\/2021-M.-FINANSINIU-ATASKAITU-RINKINYS.pdf\">2021 m. finansin\u0117s b\u016bkl\u0117s ataskaita<\/a><\/div>\n\n\n\n<div class=\"wp-block-file\"><\/div>\n\n\n\n<div class=\"wp-block-file\"><a id=\"wp-block-file--media-24c95c10-137f-4e7b-88da-3b45fbff169e\" href=\"https:\/\/www.lopselisdarzelis.rudamina.vilniausr.lm.lt\/wp-content\/uploads\/2024\/01\/2022-m.-finansiniu-atskaitu-rinkinys-1.pdf\">2022 m. finansini\u0173 atskait\u0173 rinkinys<\/a><\/div>\n\n\n\n<div class=\"wp-block-file\"><\/div>\n\n\n\n<div class=\"wp-block-file\"><a id=\"wp-block-file--media-0e84c2c5-c55c-47ee-a75c-245d5c715b25\" href=\"https:\/\/www.lopselisdarzelis.rudamina.vilniausr.lm.lt\/wp-content\/uploads\/2024\/09\/METINIU-ATASKAITU-RINKINYS-1.pdf\">2023 m. metini\u0173 ataskait\u0173 rinkinys<\/a><\/div>\n\n\n\n<div class=\"wp-block-file\"><a id=\"wp-block-file--media-51148bb7-5a15-485d-8aca-2b41d5b5177b\" href=\"https:\/\/www.lopselisdarzelis.rudamina.vilniausr.lm.lt\/wp-content\/uploads\/2025\/05\/2024-m.-ataskaitu-rinkinys.pdf\">2024 m. finansini\u0173 ataskait\u0173 rinkinys<\/a><\/div>\n\n\n\n<p><\/p>\n","protected":false},"excerpt":{"rendered":"<p>Finansin\u0117s ataskaitos: 2018 m. finansin\u0117s b\u016bkl\u0117s ataskaita 2019 m. finansin\u0117s b\u016bkl\u0117s ataskaita<\/p>\n","protected":false},"author":1,"featured_media":0,"parent":0,"menu_order":0,"comment_status":"closed","ping_status":"closed","template":"","meta":{"ngg_post_thumbnail":0,"footnotes":""},"class_list":["post-4844","page","type-page","status-publish","hentry"],"_links":{"self":[{"href":"https:\/\/www.lopselisdarzelis.rudamina.vilniausr.lm.lt\/index.php?rest_route=\/wp\/v2\/pages\/4844","targetHints":{"allow":["GET"]}}],"collection":[{"href":"https:\/\/www.lopselisdarzelis.rudamina.vilniausr.lm.lt\/index.php?rest_route=\/wp\/v2\/pages"}],"about":[{"href":"https:\/\/www.lopselisdarzelis.rudamina.vilniausr.lm.lt\/index.php?rest_route=\/wp\/v2\/types\/page"}],"author":[{"embeddable":true,"href":"https:\/\/www.lopselisdarzelis.rudamina.vilniausr.lm.lt\/index.php?rest_route=\/wp\/v2\/users\/1"}],"replies":[{"embeddable":true,"href":"https:\/\/www.lopselisdarzelis.rudamina.vilniausr.lm.lt\/index.php?rest_route=%2Fwp%2Fv2%2Fcomments&post=4844"}],"version-history":[{"count":35,"href":"https:\/\/www.lopselisdarzelis.rudamina.vilniausr.lm.lt\/index.php?rest_route=\/wp\/v2\/pages\/4844\/revisions"}],"predecessor-version":[{"id":8034,"href":"https:\/\/www.lopselisdarzelis.rudamina.vilniausr.lm.lt\/index.php?rest_route=\/wp\/v2\/pages\/4844\/revisions\/8034"}],"wp:attachment":[{"href":"https:\/\/www.lopselisdarzelis.rudamina.vilniausr.lm.lt\/index.php?rest_route=%2Fwp%2Fv2%2Fmedia&parent=4844"}],"curies":[{"name":"wp","href":"https:\/\/api.w.org\/{rel}","templated":true}]}}