{"id":4838,"date":"2020-09-13T20:38:20","date_gmt":"2020-09-13T18:38:20","guid":{"rendered":"http:\/\/www.lopselisdarzelis.rudamina.vilniausr.lm.lt\/?page_id=4838"},"modified":"2026-01-15T12:40:11","modified_gmt":"2026-01-15T10:40:11","slug":"planavimo-dokumentai","status":"publish","type":"page","link":"https:\/\/www.lopselisdarzelis.rudamina.vilniausr.lm.lt\/?page_id=4838","title":{"rendered":"Planavimo dokumentai"},"content":{"rendered":"\n<div class=\"wp-block-file\"><\/div>\n\n\n\n<div class=\"wp-block-file\"><a id=\"wp-block-file--media-dcece0fb-bb35-450f-a50e-09407750a0af\" href=\"https:\/\/www.lopselisdarzelis.rudamina.vilniausr.lm.lt\/wp-content\/uploads\/2026\/01\/IKIMOKYKLINIO-UGDYMO-PROGRAMA-1.pdf\">Vilniaus r. Rudaminos lop\u0161elio-dar\u017eelio ikimokyklinio ugdymo programa<\/a><\/div>\n\n\n\n<div class=\"wp-block-file\"><a id=\"wp-block-file--media-e6536455-07a0-4088-92d7-f37e574a86b6\" href=\"https:\/\/www.lopselisdarzelis.rudamina.vilniausr.lm.lt\/wp-content\/uploads\/2025\/02\/RUDAMINOS-LD-2024-2027-M-STRATEGINIS-PLANAS1.pdf\">Vilniaus r. Rudaminos lop\u0161elio &#8211; dar\u017eelio 2024-2027 met\u0173  strateginis planas<\/a><\/div>\n\n\n\n<div class=\"wp-block-file\"><\/div>\n\n\n\n<p><\/p>\n","protected":false},"excerpt":{"rendered":"","protected":false},"author":1,"featured_media":0,"parent":0,"menu_order":0,"comment_status":"closed","ping_status":"closed","template":"","meta":{"ngg_post_thumbnail":0,"footnotes":""},"class_list":["post-4838","page","type-page","status-publish","hentry"],"_links":{"self":[{"href":"https:\/\/www.lopselisdarzelis.rudamina.vilniausr.lm.lt\/index.php?rest_route=\/wp\/v2\/pages\/4838","targetHints":{"allow":["GET"]}}],"collection":[{"href":"https:\/\/www.lopselisdarzelis.rudamina.vilniausr.lm.lt\/index.php?rest_route=\/wp\/v2\/pages"}],"about":[{"href":"https:\/\/www.lopselisdarzelis.rudamina.vilniausr.lm.lt\/index.php?rest_route=\/wp\/v2\/types\/page"}],"author":[{"embeddable":true,"href":"https:\/\/www.lopselisdarzelis.rudamina.vilniausr.lm.lt\/index.php?rest_route=\/wp\/v2\/users\/1"}],"replies":[{"embeddable":true,"href":"https:\/\/www.lopselisdarzelis.rudamina.vilniausr.lm.lt\/index.php?rest_route=%2Fwp%2Fv2%2Fcomments&post=4838"}],"version-history":[{"count":15,"href":"https:\/\/www.lopselisdarzelis.rudamina.vilniausr.lm.lt\/index.php?rest_route=\/wp\/v2\/pages\/4838\/revisions"}],"predecessor-version":[{"id":8148,"href":"https:\/\/www.lopselisdarzelis.rudamina.vilniausr.lm.lt\/index.php?rest_route=\/wp\/v2\/pages\/4838\/revisions\/8148"}],"wp:attachment":[{"href":"https:\/\/www.lopselisdarzelis.rudamina.vilniausr.lm.lt\/index.php?rest_route=%2Fwp%2Fv2%2Fmedia&parent=4838"}],"curies":[{"name":"wp","href":"https:\/\/api.w.org\/{rel}","templated":true}]}}