{"id":4830,"date":"2020-09-13T20:33:09","date_gmt":"2020-09-13T18:33:09","guid":{"rendered":"http:\/\/www.lopselisdarzelis.rudamina.vilniausr.lm.lt\/?page_id=4830"},"modified":"2025-10-14T11:19:39","modified_gmt":"2025-10-14T09:19:39","slug":"apie-mus","status":"publish","type":"page","link":"https:\/\/www.lopselisdarzelis.rudamina.vilniausr.lm.lt\/?page_id=4830","title":{"rendered":"Apie mus"},"content":{"rendered":"\n<p><strong>Vizija:<\/strong><\/p>\n\n\n\n<p>\u0160iuolaiki\u0161ka, modernizuota ugdymo \u012fstaiga atliepianti Lenkijos ir Lietuvos visuomen\u0117s poreikius kokybi\u0161k\u0173 ugdymo paslaug\u0173 teikimo, ugdytini\u0173, t\u0117v\u0173 ir pedagog\u0173 sutelktumo, gerosios patirties sklaidos ir id\u0117j\u0173 centras.<\/p>\n\n\n\n<p><strong>Misija:<\/strong><\/p>\n\n\n\n<p>Visos bendruomen\u0117s pastangomis siekti visuotin\u0117s kokyb\u0117s, u\u017etikrinan\u010dios harmoning\u0105 gali\u0173<br>skleidim\u0105si ir nuosekl\u0173 per\u0117jim\u0105 prie sistemingo mokymosi mokykloje.<\/p>\n\n\n\n<p><strong>\u012estaigos prioritetai:<\/strong><\/p>\n\n\n\n<p>1. Vaik\u0173 sveikatos ir saugumo puosel\u0117jimas, pozityvios emocin\u0117s aplinkos k\u016brimas.<br>2. Ugdymo kokyb\u0117s tobulinimas.<br>3. Pilieti\u0161kumo ugdymas.<br>4. Bendruomen\u0117s kvalifikacijos tobulinimas.<\/p>\n\n\n\n<p><strong>Tikslai:<\/strong><\/p>\n\n\n\n<p>1. Siekti saugios, pozityvios emocin\u0117s aplinkos, u\u017etikrinan\u010dios kokybi\u0161k\u0105 ugdym\u0105 ir individuali\u0105<br>kiekvieno vaiko pasiekim\u0173 pa\u017eang\u0105.<br>2. Siekti pedagog\u0173 auk\u0161tesn\u0117s kvalifikacijos, stiprinti profesin\u0119 kompetencij\u0105.<br><\/p>\n\n\n\n<p><strong>U\u017edaviniai:<\/strong><\/p>\n\n\n\n<p>1. Kurti jauki\u0105, jud\u0117jim\u0105 ir sveik\u0105 gyvensen\u0105 skatinan\u010di\u0105 aplink\u0105.<br>2. Ugdyti individualius vaiko geb\u0117jimus saugioje emocin\u0117je aplinkoje, stiprinant bendruomen\u0117s<br>nari\u0173 atsakomyb\u0119 u\u017e ugdymo rezultatus.<br>3. Siekti veiksmingo veiklos kokyb\u0117s rezultat\u0173 panaudojimo veiklai tobulinti.<br>4. Tobulinti ikimokyklinio ugdymo turin\u012f.<br>5. Siekti profesin\u0117s kompetencijos augimo.<br>6. Vykdyti pedagogin\u0117s patirties sklaid\u0105.<br>7. Organizuoti projektin\u0119 veikl\u0105, ugdant pilieti\u0161kum\u0105 ir socialinius \u012fg\u016bd\u017eius<br><br><\/p>\n\n\n\n<p><br><br><\/p>\n\n\n\n<p><\/p>\n","protected":false},"excerpt":{"rendered":"<p>Vizija: \u0160iuolaiki\u0161ka, modernizuota ugdymo \u012fstaiga atliepianti Lenkijos ir Lietuvos visuomen\u0117s poreikius kokybi\u0161k\u0173 ugdymo paslaug\u0173 teikimo, ugdytini\u0173, t\u0117v\u0173 ir pedagog\u0173 sutelktumo, gerosios patirties sklaidos ir id\u0117j\u0173 centras. Misija: Visos bendruomen\u0117s pastangomis siekti visuotin\u0117s kokyb\u0117s, u\u017etikrinan\u010dios harmoning\u0105 gali\u0173skleidim\u0105si ir nuosekl\u0173 per\u0117jim\u0105 prie &hellip; <a href=\"https:\/\/www.lopselisdarzelis.rudamina.vilniausr.lm.lt\/?page_id=4830\">Skaitykite toliau <span class=\"meta-nav\">&rarr;<\/span><\/a><\/p>\n","protected":false},"author":1,"featured_media":0,"parent":0,"menu_order":0,"comment_status":"closed","ping_status":"closed","template":"","meta":{"ngg_post_thumbnail":0,"footnotes":""},"class_list":["post-4830","page","type-page","status-publish","hentry"],"_links":{"self":[{"href":"https:\/\/www.lopselisdarzelis.rudamina.vilniausr.lm.lt\/index.php?rest_route=\/wp\/v2\/pages\/4830","targetHints":{"allow":["GET"]}}],"collection":[{"href":"https:\/\/www.lopselisdarzelis.rudamina.vilniausr.lm.lt\/index.php?rest_route=\/wp\/v2\/pages"}],"about":[{"href":"https:\/\/www.lopselisdarzelis.rudamina.vilniausr.lm.lt\/index.php?rest_route=\/wp\/v2\/types\/page"}],"author":[{"embeddable":true,"href":"https:\/\/www.lopselisdarzelis.rudamina.vilniausr.lm.lt\/index.php?rest_route=\/wp\/v2\/users\/1"}],"replies":[{"embeddable":true,"href":"https:\/\/www.lopselisdarzelis.rudamina.vilniausr.lm.lt\/index.php?rest_route=%2Fwp%2Fv2%2Fcomments&post=4830"}],"version-history":[{"count":8,"href":"https:\/\/www.lopselisdarzelis.rudamina.vilniausr.lm.lt\/index.php?rest_route=\/wp\/v2\/pages\/4830\/revisions"}],"predecessor-version":[{"id":8006,"href":"https:\/\/www.lopselisdarzelis.rudamina.vilniausr.lm.lt\/index.php?rest_route=\/wp\/v2\/pages\/4830\/revisions\/8006"}],"wp:attachment":[{"href":"https:\/\/www.lopselisdarzelis.rudamina.vilniausr.lm.lt\/index.php?rest_route=%2Fwp%2Fv2%2Fmedia&parent=4830"}],"curies":[{"name":"wp","href":"https:\/\/api.w.org\/{rel}","templated":true}]}}