{"id":452,"date":"2011-06-21T16:16:20","date_gmt":"2011-06-21T13:16:20","guid":{"rendered":"http:\/\/www2056.vu.lt\/?page_id=452"},"modified":"2024-09-16T13:28:22","modified_gmt":"2024-09-16T11:28:22","slug":"nuorodos","status":"publish","type":"page","link":"https:\/\/www.lopselisdarzelis.rudamina.vilniausr.lm.lt\/?page_id=452","title":{"rendered":"NUORODOS"},"content":{"rendered":"<p>&nbsp;<\/p>\n<p><strong><span style=\"color: #000000;\">Lietuvos Respublikos Seimas<\/span><\/strong> <a href=\"http:\/\/www.kabiskes.vilniausr.lm.lt\/www.lrs.lt\">www.lrs.lt<\/a><\/p>\n<p><span style=\"color: #000000;\"><strong>Vilniaus rajono savivaldyb\u0117<\/strong>&nbsp;<\/span> <a href=\"http:\/\/www.kabiskes.vilniausr.lm.lt\/www.vrsa.lt\">www.vrsa.lt<\/a><\/p>\n<p><strong><span style=\"color: #000000;\">LR \u0160vietimo, mokslo ir sporto ministerija <\/span><\/strong><span style=\"color: #000000;\"><a href=\"https:\/\/smsm.lrv.lt\/\">https:\/\/smsm.lrv.lt\/<\/a><\/span><\/p>\n<p><strong><span style=\"color: #000000;\">Ikimokyklinis.lt<\/span>&nbsp;<\/strong>&nbsp;&nbsp;<a href=\"http:\/\/www.ikimokyklinis.lt\">www.ikimokyklinis.lt<\/a><\/p>\n<p><strong>Teis\u0117s akt\u0173 registras <\/strong><a href=\"http:\/\/www.e-tar.lt\/\" target=\"_blank\" rel=\"noreferrer noopener\"><span class=\"has-inline-color\">www.e-tar.lt<\/span><\/a><\/p>\n<p><strong>Vilniaus rajono pedagogin\u0117 psichologin\u0117 tarnyba&nbsp; <\/strong><a href=\"https:\/\/ppt.vrsa.lt\/lt\/\" target=\"_blank\" rel=\"noreferrer noopener\"><span class=\"has-inline-color\">w<\/span><\/a><a href=\"https:\/\/ppt.vrsa.lt\/lt\/\" target=\"_blank\" rel=\"noreferrer noopener\"><span class=\"has-inline-color\">w<\/span><\/a><a href=\"https:\/\/ppt.vrsa.lt\/lt\/\" target=\"_blank\" rel=\"noreferrer noopener\"><span class=\"has-inline-color\">w<\/span><\/a><a href=\"https:\/\/ppt.vrsa.lt\/lt\/\" target=\"_blank\" rel=\"noreferrer noopener\"><span class=\"has-inline-color\">.<\/span><\/a><a href=\"https:\/\/ppt.vrsa.lt\/lt\/\" target=\"_blank\" rel=\"noreferrer noopener\"><span class=\"has-inline-color\">ppt.vrsa.lt\/lt\/<\/span><\/a><\/p>\n<p><strong><span style=\"color: #000000;\">Nacionalin\u0117 \u0161vietimo agent\u016bra<\/span><\/strong>:&nbsp;<a href=\"https:\/\/www.nsa.smm.lt\/\">https:\/\/www.nsa.smm.lt\/<\/a><\/p>\n<p><strong><span style=\"color: #000000;\">Portalas<\/span><\/strong> <span style=\"color: #000000;\"><strong>L24.lt<\/strong><\/span>&nbsp;&nbsp; <span style=\"color: #3366ff;\"><a style=\"color: #3366ff;\" href=\"http:\/\/www.l24.lt\">www.l24.lt<\/a><\/span><\/p>\n<p><strong>Vaik\u0173 linija&nbsp; <\/strong><span style=\"color: #3366ff;\">https:\/\/www.vaikulinija.lt<\/span><\/p>\n<p><strong>Pagalbos linija ,,Tu ne vienas\u201d&nbsp;<\/strong> <a href=\"https:\/\/tunevienas.lt\">https:\/\/tunevienas.lt<\/a><\/p>\n<p><strong>S\u0105moningumo didinimo m\u0117nuo ,,Be paty\u010di\u0173\u201d&nbsp; <\/strong><a href=\"https:\/\/www.bepatyciu.lt\/\">https:\/\/www.bepatyciu.lt\/<\/a><\/p>\n<p><span style=\"color: #000000;\"><strong>Vilniaus kra\u0161to savaitra\u0161tis<\/strong> \u201e<em><strong>Tygodnik Wilenszczyzny<\/strong><\/em>\u201c&nbsp; <span style=\"color: #3366ff;\"><a style=\"color: #3366ff;\" href=\"http:\/\/www.tygodnik.lt\">www.tygodnik.lt<\/a><\/span><\/span><\/p>\n<p><strong>Koronoviruso kar\u0161toji linija&nbsp; <\/strong><a href=\"https:\/\/koronastop.lrv.lt\/\">https:\/\/koronastop.lrv.lt\/<\/a><\/p>\n<p><strong>Pagalba vaikams&nbsp;<\/strong> <a href=\"https:\/\/pagalbavaikams.lt\/\">https:\/\/pagalbavaikams.lt\/<\/a><\/p>\n<p><strong><a href=\"https:\/\/socmin.lrv.lt\/lt\/veiklos-sritys\/socialine-integracija\/pagalba-nuo-nusikalstamos-veikos-nukentejusiems-asmenims\">Aktualiausia informacija d\u0117l pagalbos nukent\u0117jusiems asmenims<\/a><\/strong><\/p>\n<p><strong><a href=\"https:\/\/socmin.lrv.lt\/lt\/veiklos-sritys\/socialine-integracija\/pagalba-nuo-nusikalstamos-veikos-nukentejusiems-asmenims\/elektroninis-leidinys-ka-turi-zinoti-nukentejes-asmuo\">K\u0105 turi \u017einoti nukent\u0117j\u0119s asmuo?<\/a><\/strong><\/p>\n\n\n<div class=\"wp-block-file\"><a id=\"wp-block-file--media-28734d01-ff24-43f6-bb75-538015704b7f\" href=\"https:\/\/www.lopselisdarzelis.rudamina.vilniausr.lm.lt\/wp-content\/uploads\/2023\/05\/Pagalbos-sarasas-nukentejusiems.pdf\"><strong>Pagalbos s\u0105ra\u0161as nukentejusiems. Nemokama ir konfidenciali pagalba nukent\u0117jusiems nuo nusikalstom\u0173 veik\u0173<\/strong>.<\/a><\/div>\n\n\n\n<div class=\"wp-block-file\"><\/div>\n\n\n\n<p>Informacija atnaujinta 2024-09-12<\/p>\n","protected":false},"excerpt":{"rendered":"<p>&nbsp; Lietuvos Respublikos Seimas www.lrs.lt Vilniaus rajono savivaldyb\u0117&nbsp; www.vrsa.lt LR \u0160vietimo, mokslo ir sporto ministerija https:\/\/smsm.lrv.lt\/ Ikimokyklinis.lt&nbsp;&nbsp;&nbsp;www.ikimokyklinis.lt Teis\u0117s akt\u0173 registras www.e-tar.lt Vilniaus rajono pedagogin\u0117 psichologin\u0117 tarnyba&nbsp; www.ppt.vrsa.lt\/lt\/ Nacionalin\u0117 \u0161vietimo agent\u016bra:&nbsp;https:\/\/www.nsa.smm.lt\/ Portalas L24.lt&nbsp;&nbsp; www.l24.lt Vaik\u0173 linija&nbsp; https:\/\/www.vaikulinija.lt Pagalbos linija ,,Tu ne &hellip; <a href=\"https:\/\/www.lopselisdarzelis.rudamina.vilniausr.lm.lt\/?page_id=452\">Skaitykite toliau <span class=\"meta-nav\">&rarr;<\/span><\/a><\/p>\n","protected":false},"author":1,"featured_media":0,"parent":0,"menu_order":7,"comment_status":"closed","ping_status":"closed","template":"","meta":{"ngg_post_thumbnail":0,"footnotes":""},"class_list":["post-452","page","type-page","status-publish","hentry"],"_links":{"self":[{"href":"https:\/\/www.lopselisdarzelis.rudamina.vilniausr.lm.lt\/index.php?rest_route=\/wp\/v2\/pages\/452","targetHints":{"allow":["GET"]}}],"collection":[{"href":"https:\/\/www.lopselisdarzelis.rudamina.vilniausr.lm.lt\/index.php?rest_route=\/wp\/v2\/pages"}],"about":[{"href":"https:\/\/www.lopselisdarzelis.rudamina.vilniausr.lm.lt\/index.php?rest_route=\/wp\/v2\/types\/page"}],"author":[{"embeddable":true,"href":"https:\/\/www.lopselisdarzelis.rudamina.vilniausr.lm.lt\/index.php?rest_route=\/wp\/v2\/users\/1"}],"replies":[{"embeddable":true,"href":"https:\/\/www.lopselisdarzelis.rudamina.vilniausr.lm.lt\/index.php?rest_route=%2Fwp%2Fv2%2Fcomments&post=452"}],"version-history":[{"count":29,"href":"https:\/\/www.lopselisdarzelis.rudamina.vilniausr.lm.lt\/index.php?rest_route=\/wp\/v2\/pages\/452\/revisions"}],"predecessor-version":[{"id":7926,"href":"https:\/\/www.lopselisdarzelis.rudamina.vilniausr.lm.lt\/index.php?rest_route=\/wp\/v2\/pages\/452\/revisions\/7926"}],"wp:attachment":[{"href":"https:\/\/www.lopselisdarzelis.rudamina.vilniausr.lm.lt\/index.php?rest_route=%2Fwp%2Fv2%2Fmedia&parent=452"}],"curies":[{"name":"wp","href":"https:\/\/api.w.org\/{rel}","templated":true}]}}