{"id":2741,"date":"2016-04-28T17:54:37","date_gmt":"2016-04-28T15:54:37","guid":{"rendered":"http:\/\/www.lopselisdarzelis.rudamina.vilniausr.lm.lt\/?page_id=2741"},"modified":"2025-10-14T11:42:53","modified_gmt":"2025-10-14T09:42:53","slug":"komisijos-tarybos","status":"publish","type":"page","link":"https:\/\/www.lopselisdarzelis.rudamina.vilniausr.lm.lt\/?page_id=2741","title":{"rendered":"Komisijos ir darbo grup\u0117s"},"content":{"rendered":"<p><strong>Vaiko gerov\u0117s komisija<\/strong><\/p>\n<p>Pirminink\u0117 \u2013 Irena Bylinska, direktor\u0117.<\/p>\n<p>Sekretor\u0117 \u2013 Aleksandra Ob\u017eilian,&nbsp; vyresnioji mokytoja, dirbanti pagal ikimokyklinio ugdymo program\u0105;<\/p>\n<p>Nariai: Bo\u017eena German,&nbsp; mokytoja, dirbanti pagal ikimokyklinio ugdymo program\u0105;<\/p>\n<p>Juliana \u0160ilobrit, mokytoja metodinink\u0117, dirbanti pagal ikimokyklinio ugdymo program\u0105;<\/p>\n<p>Liudmila Kalionova, vyresnioji mokytoja, dirbanti pagal ikimokyklinio ugdymo program\u0105;<\/p>\n<p>Diana Jurgo, vyresnioji mokytoja, dirbanti pagal ikimokyklinio ugdymo program\u0105;<\/p>\n<p>Viktorija Buravliova, vyresnioji mokytoja, dirbanti pagal ikimokyklinio ugdymo program\u0105.<\/p>\n<p>&nbsp;<\/p>\n<p>&nbsp;<\/p>\n\n\n<p> Informacija atnaujinta 2024-09-17 <\/p>\n","protected":false},"excerpt":{"rendered":"<p>Vaiko gerov\u0117s komisija Pirminink\u0117 \u2013 Irena Bylinska, direktor\u0117. Sekretor\u0117 \u2013 Aleksandra Ob\u017eilian,&nbsp; vyresnioji mokytoja, dirbanti pagal ikimokyklinio ugdymo program\u0105; Nariai: Bo\u017eena German,&nbsp; mokytoja, dirbanti pagal ikimokyklinio ugdymo program\u0105; Juliana \u0160ilobrit, mokytoja metodinink\u0117, dirbanti pagal ikimokyklinio ugdymo program\u0105; Liudmila Kalionova, vyresnioji &hellip; <a href=\"https:\/\/www.lopselisdarzelis.rudamina.vilniausr.lm.lt\/?page_id=2741\">Skaitykite toliau <span class=\"meta-nav\">&rarr;<\/span><\/a><\/p>\n","protected":false},"author":1,"featured_media":0,"parent":360,"menu_order":2,"comment_status":"closed","ping_status":"closed","template":"","meta":{"ngg_post_thumbnail":0,"footnotes":""},"class_list":["post-2741","page","type-page","status-publish","hentry"],"_links":{"self":[{"href":"https:\/\/www.lopselisdarzelis.rudamina.vilniausr.lm.lt\/index.php?rest_route=\/wp\/v2\/pages\/2741","targetHints":{"allow":["GET"]}}],"collection":[{"href":"https:\/\/www.lopselisdarzelis.rudamina.vilniausr.lm.lt\/index.php?rest_route=\/wp\/v2\/pages"}],"about":[{"href":"https:\/\/www.lopselisdarzelis.rudamina.vilniausr.lm.lt\/index.php?rest_route=\/wp\/v2\/types\/page"}],"author":[{"embeddable":true,"href":"https:\/\/www.lopselisdarzelis.rudamina.vilniausr.lm.lt\/index.php?rest_route=\/wp\/v2\/users\/1"}],"replies":[{"embeddable":true,"href":"https:\/\/www.lopselisdarzelis.rudamina.vilniausr.lm.lt\/index.php?rest_route=%2Fwp%2Fv2%2Fcomments&post=2741"}],"version-history":[{"count":25,"href":"https:\/\/www.lopselisdarzelis.rudamina.vilniausr.lm.lt\/index.php?rest_route=\/wp\/v2\/pages\/2741\/revisions"}],"predecessor-version":[{"id":8014,"href":"https:\/\/www.lopselisdarzelis.rudamina.vilniausr.lm.lt\/index.php?rest_route=\/wp\/v2\/pages\/2741\/revisions\/8014"}],"up":[{"embeddable":true,"href":"https:\/\/www.lopselisdarzelis.rudamina.vilniausr.lm.lt\/index.php?rest_route=\/wp\/v2\/pages\/360"}],"wp:attachment":[{"href":"https:\/\/www.lopselisdarzelis.rudamina.vilniausr.lm.lt\/index.php?rest_route=%2Fwp%2Fv2%2Fmedia&parent=2741"}],"curies":[{"name":"wp","href":"https:\/\/api.w.org\/{rel}","templated":true}]}}