{"id":2144,"date":"2015-06-10T12:29:46","date_gmt":"2015-06-10T10:29:46","guid":{"rendered":"http:\/\/www.lopselisdarzelis.rudamina.vilniausr.lm.lt\/?page_id=2144"},"modified":"2025-10-14T12:33:12","modified_gmt":"2025-10-14T10:33:12","slug":"viesieji-pirkimai","status":"publish","type":"page","link":"https:\/\/www.lopselisdarzelis.rudamina.vilniausr.lm.lt\/?page_id=2144","title":{"rendered":"Vie\u0161ieji pirkimai"},"content":{"rendered":"\n<p>Lietuvos Respublikos vie\u0161\u0173j\u0173 pirkim\u0173 \u012fstatymas<br><a href=\"https:\/\/www.e-tar.lt\/portal\/lt\/legalAct\/TAR.C54AFFAA7622\" target=\"_blank\" rel=\"noreferrer noopener\">https:\/\/www.e-tar.lt\/portal\/lt\/legalAct\/TAR.C54AFFAA7622<\/a><\/p>\n\n\n\n<p>Vilniaus r. Rudaminos lop\u0161elio-dar\u017eelio ma\u017eos vert\u0117s vie\u0161ieji pirkimai organizuojami vadovaujantis Vie\u0161\u0173j\u0173 pirkim\u0173 tarnybos direktoriaus patvirtintu Ma\u017eos vert\u0117s pirkim\u0173 tvarkos apra\u0161u&nbsp;<a rel=\"noreferrer noopener\" href=\"https:\/\/www.e-tar.lt\/portal\/lt\/legalAct\/a0f25f005ca411e79198ffdb108a3753\" target=\"_blank\">https:\/\/www.e-tar.lt\/portal\/lt\/legalAct\/a0f25f005ca411e79198ffdb108a3753<\/a><\/p>\n\n\n\n<div class=\"wp-block-file\"><a id=\"wp-block-file--media-3b6c1590-af61-4b84-80a4-2be8396b1fb1\" href=\"https:\/\/www.lopselisdarzelis.rudamina.vilniausr.lm.lt\/wp-content\/uploads\/2023\/03\/2023-m.-Viesuju-pirkimu-planas..pdf\"> Vilniaus r. Rudaminos lop\u0161elio-dar\u017eelio  2023 met\u0173 vie\u0161\u0173j\u0173 pirkim\u0173 planas<\/a><\/div>\n\n\n\n<p><\/p>\n","protected":false},"excerpt":{"rendered":"<p>Lietuvos Respublikos vie\u0161\u0173j\u0173 pirkim\u0173 \u012fstatymashttps:\/\/www.e-tar.lt\/portal\/lt\/legalAct\/TAR.C54AFFAA7622 Vilniaus r. Rudaminos lop\u0161elio-dar\u017eelio ma\u017eos vert\u0117s vie\u0161ieji pirkimai organizuojami vadovaujantis Vie\u0161\u0173j\u0173 pirkim\u0173 tarnybos direktoriaus patvirtintu Ma\u017eos vert\u0117s pirkim\u0173 tvarkos apra\u0161u&nbsp;https:\/\/www.e-tar.lt\/portal\/lt\/legalAct\/a0f25f005ca411e79198ffdb108a3753<\/p>\n","protected":false},"author":1,"featured_media":0,"parent":0,"menu_order":8,"comment_status":"closed","ping_status":"closed","template":"","meta":{"ngg_post_thumbnail":0,"footnotes":""},"class_list":["post-2144","page","type-page","status-publish","hentry"],"_links":{"self":[{"href":"https:\/\/www.lopselisdarzelis.rudamina.vilniausr.lm.lt\/index.php?rest_route=\/wp\/v2\/pages\/2144","targetHints":{"allow":["GET"]}}],"collection":[{"href":"https:\/\/www.lopselisdarzelis.rudamina.vilniausr.lm.lt\/index.php?rest_route=\/wp\/v2\/pages"}],"about":[{"href":"https:\/\/www.lopselisdarzelis.rudamina.vilniausr.lm.lt\/index.php?rest_route=\/wp\/v2\/types\/page"}],"author":[{"embeddable":true,"href":"https:\/\/www.lopselisdarzelis.rudamina.vilniausr.lm.lt\/index.php?rest_route=\/wp\/v2\/users\/1"}],"replies":[{"embeddable":true,"href":"https:\/\/www.lopselisdarzelis.rudamina.vilniausr.lm.lt\/index.php?rest_route=%2Fwp%2Fv2%2Fcomments&post=2144"}],"version-history":[{"count":16,"href":"https:\/\/www.lopselisdarzelis.rudamina.vilniausr.lm.lt\/index.php?rest_route=\/wp\/v2\/pages\/2144\/revisions"}],"predecessor-version":[{"id":8031,"href":"https:\/\/www.lopselisdarzelis.rudamina.vilniausr.lm.lt\/index.php?rest_route=\/wp\/v2\/pages\/2144\/revisions\/8031"}],"wp:attachment":[{"href":"https:\/\/www.lopselisdarzelis.rudamina.vilniausr.lm.lt\/index.php?rest_route=%2Fwp%2Fv2%2Fmedia&parent=2144"}],"curies":[{"name":"wp","href":"https:\/\/api.w.org\/{rel}","templated":true}]}}